{"id":237,"date":"2025-06-06T21:30:53","date_gmt":"2025-06-06T21:30:53","guid":{"rendered":"https:\/\/katweb.cl\/?page_id=237"},"modified":"2025-12-15T01:01:17","modified_gmt":"2025-12-15T01:01:17","slug":"silverstorm","status":"publish","type":"page","link":"https:\/\/katweb.cl\/","title":{"rendered":"Inicio"},"content":{"rendered":"\t\t<div data-elementor-type=\"wp-page\" data-elementor-id=\"237\" class=\"elementor elementor-237\">\n\t\t\t\t<div class=\"elementor-element elementor-element-6e6651e e-flex e-con-boxed e-con e-parent\" data-id=\"6e6651e\" data-element_type=\"container\">\n\t\t\t\t\t<div class=\"e-con-inner\">\n\t\t\t\t<div class=\"elementor-element elementor-element-c0e4ba5 elementor-widget-divider--view-line elementor-widget elementor-widget-divider\" data-id=\"c0e4ba5\" data-element_type=\"widget\" data-settings=\"{&quot;_animation_mobile&quot;:&quot;fadeIn&quot;}\" data-widget_type=\"divider.default\">\n\t\t\t\t<div class=\"elementor-widget-container\">\n\t\t\t\t\t\t\t<div class=\"elementor-divider\">\n\t\t\t<span class=\"elementor-divider-separator\">\n\t\t\t\t\t\t<\/span>\n\t\t<\/div>\n\t\t\t\t\t\t<\/div>\n\t\t\t\t<\/div>\n\t\t\t\t\t<\/div>\n\t\t\t\t<\/div>\n\t\t<div class=\"elementor-element elementor-element-d77e7e2 e-flex e-con-boxed e-con e-parent\" data-id=\"d77e7e2\" data-element_type=\"container\">\n\t\t\t\t\t<div class=\"e-con-inner\">\n\t\t<div class=\"elementor-element elementor-element-bf517c6 e-con-full e-flex e-con e-child\" data-id=\"bf517c6\" data-element_type=\"container\">\n\t\t\t\t<div class=\"elementor-element elementor-element-c733491 elementor-widget-divider--view-line elementor-widget elementor-widget-divider\" data-id=\"c733491\" data-element_type=\"widget\" data-widget_type=\"divider.default\">\n\t\t\t\t<div class=\"elementor-widget-container\">\n\t\t\t\t\t\t\t<div class=\"elementor-divider\">\n\t\t\t<span class=\"elementor-divider-separator\">\n\t\t\t\t\t\t<\/span>\n\t\t<\/div>\n\t\t\t\t\t\t<\/div>\n\t\t\t\t<\/div>\n\t\t\t\t<div class=\"elementor-element elementor-element-785e412 animated-slow elementor-invisible elementor-widget elementor-widget-heading\" data-id=\"785e412\" data-element_type=\"widget\" data-settings=\"{&quot;_animation&quot;:&quot;fadeIn&quot;}\" data-widget_type=\"heading.default\">\n\t\t\t\t<div class=\"elementor-widget-container\">\n\t\t\t\t\t<h2 class=\"elementor-heading-title elementor-size-default\">\u00a1Explora con orgullo!<\/h2>\t\t\t\t<\/div>\n\t\t\t\t<\/div>\n\t\t\t\t<div class=\"elementor-element elementor-element-158099c animated-slow elementor-invisible elementor-widget elementor-widget-text-editor\" data-id=\"158099c\" data-element_type=\"widget\" data-settings=\"{&quot;_animation&quot;:&quot;fadeIn&quot;}\" data-widget_type=\"text-editor.default\">\n\t\t\t\t<div class=\"elementor-widget-container\">\n\t\t\t\t\t\t\t\t\t<p>Las historias de nuestra regi\u00f3n te esperan para inspirarte \u2728<\/p>\t\t\t\t\t\t\t\t<\/div>\n\t\t\t\t<\/div>\n\t\t\t\t<div class=\"elementor-element elementor-element-21606c7 elementor-mobile-align-center elementor-align-left elementor-invisible elementor-widget elementor-widget-button\" data-id=\"21606c7\" data-element_type=\"widget\" data-settings=\"{&quot;_animation&quot;:&quot;fadeInDown&quot;}\" data-widget_type=\"button.default\">\n\t\t\t\t<div class=\"elementor-widget-container\">\n\t\t\t\t\t\t\t\t\t<div class=\"elementor-button-wrapper\">\n\t\t\t\t\t<a class=\"elementor-button elementor-button-link elementor-size-sm\" href=\"https:\/\/katweb.cl\/?page_id=88\">\n\t\t\t\t\t\t<span class=\"elementor-button-content-wrapper\">\n\t\t\t\t\t\t\t\t\t<span class=\"elementor-button-text\">Leer<\/span>\n\t\t\t\t\t<\/span>\n\t\t\t\t\t<\/a>\n\t\t\t\t<\/div>\n\t\t\t\t\t\t\t\t<\/div>\n\t\t\t\t<\/div>\n\t\t\t\t<div class=\"elementor-element elementor-element-f19423f elementor-widget elementor-widget-spacer\" data-id=\"f19423f\" data-element_type=\"widget\" data-widget_type=\"spacer.default\">\n\t\t\t\t<div class=\"elementor-widget-container\">\n\t\t\t\t\t\t\t<div class=\"elementor-spacer\">\n\t\t\t<div class=\"elementor-spacer-inner\"><\/div>\n\t\t<\/div>\n\t\t\t\t\t\t<\/div>\n\t\t\t\t<\/div>\n\t\t\t\t<\/div>\n\t\t<div class=\"elementor-element elementor-element-d3ef1af e-con-full e-flex e-con e-child\" data-id=\"d3ef1af\" data-element_type=\"container\">\n\t\t\t\t<div class=\"elementor-element elementor-element-d9bdada elementor-invisible elementor-widget elementor-widget-image\" data-id=\"d9bdada\" data-element_type=\"widget\" data-settings=\"{&quot;_animation&quot;:&quot;fadeInUp&quot;}\" data-widget_type=\"image.default\">\n\t\t\t\t<div class=\"elementor-widget-container\">\n\t\t\t\t\t\t\t\t\t\t\t\t\t\t\t<img fetchpriority=\"high\" decoding=\"async\" width=\"728\" height=\"1024\" src=\"https:\/\/katweb.cl\/wp-content\/uploads\/2025\/11\/libroportada_REDISENO1_si-728x1024.png\" class=\"attachment-large size-large wp-image-2826\" alt=\"\" srcset=\"https:\/\/katweb.cl\/wp-content\/uploads\/2025\/11\/libroportada_REDISENO1_si-728x1024.png 728w, https:\/\/katweb.cl\/wp-content\/uploads\/2025\/11\/libroportada_REDISENO1_si-213x300.png 213w, https:\/\/katweb.cl\/wp-content\/uploads\/2025\/11\/libroportada_REDISENO1_si-768x1081.png 768w, https:\/\/katweb.cl\/wp-content\/uploads\/2025\/11\/libroportada_REDISENO1_si.png 1080w\" sizes=\"(max-width: 728px) 100vw, 728px\" \/>\t\t\t\t\t\t\t\t\t\t\t\t\t\t\t<\/div>\n\t\t\t\t<\/div>\n\t\t\t\t<\/div>\n\t\t\t\t\t<\/div>\n\t\t\t\t<\/div>\n\t\t<div class=\"elementor-element elementor-element-2c1328b2 e-con-full e-flex e-con e-parent\" data-id=\"2c1328b2\" data-element_type=\"container\" id=\"next\">\n\t\t\t\t<div class=\"elementor-element elementor-element-1870e93f animated-slow elementor-invisible elementor-widget elementor-widget-heading\" data-id=\"1870e93f\" data-element_type=\"widget\" data-settings=\"{&quot;_animation_mobile&quot;:&quot;fadeIn&quot;,&quot;_animation&quot;:&quot;fadeInDown&quot;}\" data-widget_type=\"heading.default\">\n\t\t\t\t<div class=\"elementor-widget-container\">\n\t\t\t\t\t<h3 class=\"elementor-heading-title elementor-size-default\">Leyendas y Relatos de Arica y Parinacota<\/h3>\t\t\t\t<\/div>\n\t\t\t\t<\/div>\n\t\t\t\t<div class=\"elementor-element elementor-element-d1db524 elementor-widget-divider--view-line elementor-widget elementor-widget-divider\" data-id=\"d1db524\" data-element_type=\"widget\" data-settings=\"{&quot;_animation_mobile&quot;:&quot;fadeIn&quot;}\" data-widget_type=\"divider.default\">\n\t\t\t\t<div class=\"elementor-widget-container\">\n\t\t\t\t\t\t\t<div class=\"elementor-divider\">\n\t\t\t<span class=\"elementor-divider-separator\">\n\t\t\t\t\t\t<\/span>\n\t\t<\/div>\n\t\t\t\t\t\t<\/div>\n\t\t\t\t<\/div>\n\t\t\t\t<div class=\"elementor-element elementor-element-44eb03ff elementor-invisible elementor-widget elementor-widget-heading\" data-id=\"44eb03ff\" data-element_type=\"widget\" data-settings=\"{&quot;_animation_mobile&quot;:&quot;fadeIn&quot;,&quot;_animation&quot;:&quot;fadeIn&quot;}\" data-widget_type=\"heading.default\">\n\t\t\t\t<div class=\"elementor-widget-container\">\n\t\t\t\t\t<p class=\"elementor-heading-title elementor-size-default\">Historias llenas de magia, misterio y tradici\u00f3n que nacen entre el mar, el desierto y las monta\u00f1as del norte de Chile.<\/p>\t\t\t\t<\/div>\n\t\t\t\t<\/div>\n\t\t\t\t<div class=\"elementor-element elementor-element-72d68ae elementor-widget elementor-widget-spacer\" data-id=\"72d68ae\" data-element_type=\"widget\" data-widget_type=\"spacer.default\">\n\t\t\t\t<div class=\"elementor-widget-container\">\n\t\t\t\t\t\t\t<div class=\"elementor-spacer\">\n\t\t\t<div class=\"elementor-spacer-inner\"><\/div>\n\t\t<\/div>\n\t\t\t\t\t\t<\/div>\n\t\t\t\t<\/div>\n\t\t\t\t<div class=\"elementor-element elementor-element-bd27c06 elementor-invisible elementor-widget elementor-widget-text-editor\" data-id=\"bd27c06\" data-element_type=\"widget\" data-settings=\"{&quot;_animation_mobile&quot;:&quot;fadeIn&quot;,&quot;_animation&quot;:&quot;fadeIn&quot;}\" data-widget_type=\"text-editor.default\">\n\t\t\t\t<div class=\"elementor-widget-container\">\n\t\t\t\t\t\t\t\t\t<p>\u00a1Atr\u00e9vete a conocer sus secretos!<\/p>\t\t\t\t\t\t\t\t<\/div>\n\t\t\t\t<\/div>\n\t\t<div class=\"elementor-element elementor-element-2064caf2 e-con-full e-flex e-con e-child\" data-id=\"2064caf2\" data-element_type=\"container\">\n\t\t<div class=\"elementor-element elementor-element-3a5fc95e e-con-full e-flex e-con e-child\" data-id=\"3a5fc95e\" data-element_type=\"container\" data-settings=\"{&quot;animation&quot;:&quot;none&quot;}\">\n\t\t\t\t<div class=\"elementor-element elementor-element-5eb8354b animated-slow elementor-position-top elementor-invisible elementor-widget elementor-widget-image-box\" data-id=\"5eb8354b\" data-element_type=\"widget\" data-settings=\"{&quot;_animation_mobile&quot;:&quot;none&quot;,&quot;_animation&quot;:&quot;fadeInUp&quot;}\" data-widget_type=\"image-box.default\">\n\t\t\t\t<div class=\"elementor-widget-container\">\n\t\t\t\t\t<div class=\"elementor-image-box-wrapper\"><figure class=\"elementor-image-box-img\"><a href=\"https:\/\/katweb.cl\/?page_id=88\" tabindex=\"-1\"><img decoding=\"async\" src=\"https:\/\/katweb.cl\/wp-content\/uploads\/2025\/12\/portada-1_2.png\" title=\"portada 1_2\" alt=\"portada 1_2\" class=\"elementor-animation-grow\" loading=\"lazy\" \/><\/a><\/figure><div class=\"elementor-image-box-content\"><h4 class=\"elementor-image-box-title\"><a href=\"https:\/\/katweb.cl\/?page_id=88\">El Arriero y el Misterio de la Sombra<\/a><\/h4><p class=\"elementor-image-box-description\">\"El Arriero y el Misterio de la Sombra\" es un relato de misterio ambientado en los parajes solitarios del norte chileno, donde una presencia inexplicable siembra el miedo en la oscuridad. \u00bfEra real o solo una pesadilla? A veces, la pampa guarda secretos que no quieren ser descubiertos.<\/p><\/div><\/div>\t\t\t\t<\/div>\n\t\t\t\t<\/div>\n\t\t\t\t<\/div>\n\t\t<div class=\"elementor-element elementor-element-5270c247 e-con-full e-flex e-con e-child\" data-id=\"5270c247\" data-element_type=\"container\">\n\t\t\t\t<div class=\"elementor-element elementor-element-b6b2a8f animated-slow elementor-position-top elementor-invisible elementor-widget elementor-widget-image-box\" data-id=\"b6b2a8f\" data-element_type=\"widget\" data-settings=\"{&quot;_animation_mobile&quot;:&quot;none&quot;,&quot;_animation&quot;:&quot;fadeInUp&quot;}\" data-widget_type=\"image-box.default\">\n\t\t\t\t<div class=\"elementor-widget-container\">\n\t\t\t\t\t<div class=\"elementor-image-box-wrapper\"><figure class=\"elementor-image-box-img\"><a href=\"https:\/\/katweb.cl\/?page_id=86\" tabindex=\"-1\"><img decoding=\"async\" src=\"https:\/\/katweb.cl\/wp-content\/uploads\/2025\/07\/portada-2-sin-letra1.2.png\" title=\"portada 2 sin letra(1.2)\" alt=\"portada 2 sin letra(1.2)\" class=\"elementor-animation-grow\" loading=\"lazy\" \/><\/a><\/figure><div class=\"elementor-image-box-content\"><h4 class=\"elementor-image-box-title\"><a href=\"https:\/\/katweb.cl\/?page_id=86\">Un ni\u00f1o Desobediente<\/a><\/h4><p class=\"elementor-image-box-description\">En una noche fr\u00eda del altiplano, un viajero cuenta la historia de un ni\u00f1o que nunca obedec\u00eda a su madre. Un d\u00eda, mientras pastoreaban en los cerros, el ni\u00f1o se alej\u00f3 y encontr\u00f3 a una extra\u00f1a figura oscura que lo invit\u00f3 a seguirlo. Asustado, corri\u00f3 con su madre\u2026 pero algo misterioso ocurri\u00f3. Dicen que esa figura aparece a los ni\u00f1os que no hacen caso. \u00bfSer\u00e1 verdad?<\/p><\/div><\/div>\t\t\t\t<\/div>\n\t\t\t\t<\/div>\n\t\t\t\t<\/div>\n\t\t<div class=\"elementor-element elementor-element-2c82cdb5 e-con-full e-flex e-con e-child\" data-id=\"2c82cdb5\" data-element_type=\"container\">\n\t\t\t\t<div class=\"elementor-element elementor-element-8c8f214 animated-slow elementor-position-top elementor-invisible elementor-widget elementor-widget-image-box\" data-id=\"8c8f214\" data-element_type=\"widget\" data-settings=\"{&quot;_animation_mobile&quot;:&quot;none&quot;,&quot;_animation&quot;:&quot;fadeInUp&quot;}\" data-widget_type=\"image-box.default\">\n\t\t\t\t<div class=\"elementor-widget-container\">\n\t\t\t\t\t<div class=\"elementor-image-box-wrapper\"><figure class=\"elementor-image-box-img\"><a href=\"https:\/\/katweb.cl\/?page_id=47\" tabindex=\"-1\"><img decoding=\"async\" src=\"https:\/\/katweb.cl\/wp-content\/uploads\/2025\/07\/portada3.1.png\" title=\"portada3.1\" alt=\"portada3.1\" class=\"elementor-animation-grow\" loading=\"lazy\" \/><\/a><\/figure><div class=\"elementor-image-box-content\"><h4 class=\"elementor-image-box-title\"><a href=\"https:\/\/katweb.cl\/?page_id=47\">El Viejo Andrajoso<\/a><\/h4><p class=\"elementor-image-box-description\">Durante una fiesta en el pueblo de Socoroma, un anciano de aspecto humilde aparece entre la m\u00fasica y la alegr\u00eda. Mientras unos lo rechazan, otros le ofrecen comida y cuidado\u2026 sin saber que \u00e9l es m\u00e1s de lo que aparenta. Antes de irse, lanza una advertencia: \"V\u00e1yanse sin mirar atr\u00e1s\". \u00bfQu\u00e9 ocurri\u00f3 con quienes no obedecieron? Dicen que sus figuras a\u00fan est\u00e1n en lo alto del cerro, convertidas en piedra.<\/p><\/div><\/div>\t\t\t\t<\/div>\n\t\t\t\t<\/div>\n\t\t\t\t<\/div>\n\t\t\t\t<\/div>\n\t\t\t\t<\/div>\n\t\t<div class=\"elementor-element elementor-element-743cbbfe e-con-full e-flex e-con e-parent\" data-id=\"743cbbfe\" data-element_type=\"container\">\n\t\t\t\t<div class=\"elementor-element elementor-element-7d28ea67 elementor-invisible elementor-widget elementor-widget-heading\" data-id=\"7d28ea67\" data-element_type=\"widget\" data-settings=\"{&quot;_animation_mobile&quot;:&quot;fadeIn&quot;,&quot;_animation&quot;:&quot;fadeIn&quot;}\" data-widget_type=\"heading.default\">\n\t\t\t\t<div class=\"elementor-widget-container\">\n\t\t\t\t\t<h3 class=\"elementor-heading-title elementor-size-default\">Susurros de las Leyendas<\/h3>\t\t\t\t<\/div>\n\t\t\t\t<\/div>\n\t\t<div class=\"elementor-element elementor-element-4fefbc98 e-con-full e-flex e-con e-child\" data-id=\"4fefbc98\" data-element_type=\"container\">\n\t\t<div class=\"elementor-element elementor-element-4c87cf4d e-con-full e-flex elementor-invisible e-con e-child\" data-id=\"4c87cf4d\" data-element_type=\"container\" data-settings=\"{&quot;animation&quot;:&quot;fadeIn&quot;}\">\n\t\t\t\t<div class=\"elementor-element elementor-element-67a8cb2c elementor-invisible elementor-widget elementor-widget-testimonial\" data-id=\"67a8cb2c\" data-element_type=\"widget\" data-settings=\"{&quot;_animation_mobile&quot;:&quot;fadeIn&quot;,&quot;_animation&quot;:&quot;fadeIn&quot;}\" data-widget_type=\"testimonial.default\">\n\t\t\t\t<div class=\"elementor-widget-container\">\n\t\t\t\t\t\t\t<div class=\"elementor-testimonial-wrapper\">\n\t\t\t\t\t\t\t<div class=\"elementor-testimonial-content\">\u201cSi alguna vez escuchas pasos en la pampa... no mires atr\u00e1s. No siempre es el viento.\u201d<\/div>\n\t\t\t\n\t\t\t\t\t\t<div class=\"elementor-testimonial-meta elementor-has-image elementor-testimonial-image-position-aside\">\n\t\t\t\t<div class=\"elementor-testimonial-meta-inner\">\n\t\t\t\t\t\t\t\t\t\t\t<div class=\"elementor-testimonial-image\">\n\t\t\t\t\t\t\t<img decoding=\"async\" width=\"947\" height=\"650\" src=\"https:\/\/katweb.cl\/wp-content\/uploads\/2025\/07\/Animacion2.gif\" class=\"attachment-full size-full wp-image-2504\" alt=\"\" \/>\t\t\t\t\t\t<\/div>\n\t\t\t\t\t\n\t\t\t\t\t\t\t\t\t\t<div class=\"elementor-testimonial-details\">\n\t\t\t\t\t\t\t\t\t\t\t\t\t\t<div class=\"elementor-testimonial-name\">\u2014 La Sombra del Desierto<\/div>\n\t\t\t\t\t\t\t\t\t\t\t\t\t\t\t\t\t\t\t<\/div>\n\t\t\t\t\t\t\t\t\t<\/div>\n\t\t\t<\/div>\n\t\t\t\t\t<\/div>\n\t\t\t\t\t\t<\/div>\n\t\t\t\t<\/div>\n\t\t\t\t<\/div>\n\t\t<div class=\"elementor-element elementor-element-5968e92b e-con-full e-flex elementor-invisible e-con e-child\" data-id=\"5968e92b\" data-element_type=\"container\" data-settings=\"{&quot;animation&quot;:&quot;fadeIn&quot;}\">\n\t\t\t\t<div class=\"elementor-element elementor-element-0ba48bd elementor-invisible elementor-widget elementor-widget-testimonial\" data-id=\"0ba48bd\" data-element_type=\"widget\" data-settings=\"{&quot;_animation_mobile&quot;:&quot;fadeIn&quot;,&quot;_animation&quot;:&quot;fadeIn&quot;}\" data-widget_type=\"testimonial.default\">\n\t\t\t\t<div class=\"elementor-widget-container\">\n\t\t\t\t\t\t\t<div class=\"elementor-testimonial-wrapper\">\n\t\t\t\t\t\t\t<div class=\"elementor-testimonial-content\">\u201cDicen que la tierra escucha cuando un hijo desobedece\u2026 y no siempre perdona.\u201d<\/div>\n\t\t\t\n\t\t\t\t\t\t<div class=\"elementor-testimonial-meta elementor-has-image elementor-testimonial-image-position-aside\">\n\t\t\t\t<div class=\"elementor-testimonial-meta-inner\">\n\t\t\t\t\t\t\t\t\t\t\t<div class=\"elementor-testimonial-image\">\n\t\t\t\t\t\t\t<img decoding=\"async\" width=\"973\" height=\"645\" src=\"https:\/\/katweb.cl\/wp-content\/uploads\/2025\/07\/07-1.png\" class=\"attachment-full size-full wp-image-2527\" alt=\"\" srcset=\"https:\/\/katweb.cl\/wp-content\/uploads\/2025\/07\/07-1.png 973w, https:\/\/katweb.cl\/wp-content\/uploads\/2025\/07\/07-1-300x199.png 300w, https:\/\/katweb.cl\/wp-content\/uploads\/2025\/07\/07-1-768x509.png 768w\" sizes=\"(max-width: 973px) 100vw, 973px\" \/>\t\t\t\t\t\t<\/div>\n\t\t\t\t\t\n\t\t\t\t\t\t\t\t\t\t<div class=\"elementor-testimonial-details\">\n\t\t\t\t\t\t\t\t\t\t\t\t\t\t<div class=\"elementor-testimonial-name\">\u2014 El Ni\u00f1o Desobediente<\/div>\n\t\t\t\t\t\t\t\t\t\t\t\t\t\t\t\t\t\t\t<\/div>\n\t\t\t\t\t\t\t\t\t<\/div>\n\t\t\t<\/div>\n\t\t\t\t\t<\/div>\n\t\t\t\t\t\t<\/div>\n\t\t\t\t<\/div>\n\t\t\t\t<\/div>\n\t\t<div class=\"elementor-element elementor-element-3596bcda e-con-full e-flex elementor-invisible e-con e-child\" data-id=\"3596bcda\" data-element_type=\"container\" data-settings=\"{&quot;animation&quot;:&quot;fadeIn&quot;}\">\n\t\t\t\t<div class=\"elementor-element elementor-element-1cbc763 elementor-invisible elementor-widget elementor-widget-testimonial\" data-id=\"1cbc763\" data-element_type=\"widget\" data-settings=\"{&quot;_animation_mobile&quot;:&quot;fadeIn&quot;,&quot;_animation&quot;:&quot;fadeIn&quot;}\" data-widget_type=\"testimonial.default\">\n\t\t\t\t<div class=\"elementor-widget-container\">\n\t\t\t\t\t\t\t<div class=\"elementor-testimonial-wrapper\">\n\t\t\t\t\t\t\t<div class=\"elementor-testimonial-content\">\u201cNo siempre el error est\u00e1 en quedarse\u2026 a veces, est\u00e1 en mirar atr\u00e1s.\u201d<\/div>\n\t\t\t\n\t\t\t\t\t\t<div class=\"elementor-testimonial-meta elementor-has-image elementor-testimonial-image-position-aside\">\n\t\t\t\t<div class=\"elementor-testimonial-meta-inner\">\n\t\t\t\t\t\t\t\t\t\t\t<div class=\"elementor-testimonial-image\">\n\t\t\t\t\t\t\t<img loading=\"lazy\" decoding=\"async\" width=\"1080\" height=\"1080\" src=\"https:\/\/katweb.cl\/wp-content\/uploads\/2025\/07\/portada3.1.png\" class=\"attachment-full size-full wp-image-2612\" alt=\"\" srcset=\"https:\/\/katweb.cl\/wp-content\/uploads\/2025\/07\/portada3.1.png 1080w, https:\/\/katweb.cl\/wp-content\/uploads\/2025\/07\/portada3.1-300x300.png 300w, https:\/\/katweb.cl\/wp-content\/uploads\/2025\/07\/portada3.1-1024x1024.png 1024w, https:\/\/katweb.cl\/wp-content\/uploads\/2025\/07\/portada3.1-150x150.png 150w, https:\/\/katweb.cl\/wp-content\/uploads\/2025\/07\/portada3.1-768x768.png 768w, https:\/\/katweb.cl\/wp-content\/uploads\/2025\/07\/portada3.1-640x640.png 640w, https:\/\/katweb.cl\/wp-content\/uploads\/2025\/07\/portada3.1-50x50.png 50w\" sizes=\"(max-width: 1080px) 100vw, 1080px\" \/>\t\t\t\t\t\t<\/div>\n\t\t\t\t\t\n\t\t\t\t\t\t\t\t\t\t<div class=\"elementor-testimonial-details\">\n\t\t\t\t\t\t\t\t\t\t\t\t\t\t<div class=\"elementor-testimonial-name\">\u2014 El Viejo Andrajoso<\/div>\n\t\t\t\t\t\t\t\t\t\t\t\t\t\t\t\t\t\t\t<\/div>\n\t\t\t\t\t\t\t\t\t<\/div>\n\t\t\t<\/div>\n\t\t\t\t\t<\/div>\n\t\t\t\t\t\t<\/div>\n\t\t\t\t<\/div>\n\t\t\t\t<\/div>\n\t\t\t\t<\/div>\n\t\t\t\t<\/div>\n\t\t<div class=\"elementor-element elementor-element-189c3b1 e-flex e-con-boxed e-con e-parent\" data-id=\"189c3b1\" data-element_type=\"container\">\n\t\t\t\t\t<div class=\"e-con-inner\">\n\t\t\t\t<div class=\"elementor-element elementor-element-b7c2588 elementor-widget elementor-widget-html\" data-id=\"b7c2588\" data-element_type=\"widget\" data-widget_type=\"html.default\">\n\t\t\t\t<div class=\"elementor-widget-container\">\n\t\t\t\t\t<script>\n\/\/ Desactiva clic derecho en todas las im\u00e1genes y gifs\ndocument.addEventListener('DOMContentLoaded', () => {\n  document.querySelectorAll('img').forEach(img => {\n    img.addEventListener('contextmenu', e => e.preventDefault());\n  });\n});\n\n\/\/ Bloquea arrastrar im\u00e1genes\ndocument.addEventListener('dragstart', (e) => {\n  if (e.target.tagName === 'IMG') {\n    e.preventDefault();\n  }\n});\n<\/script>\n\n<style>\nimg {\n  -webkit-user-drag: none;\n  user-drag: none;\n}\n<\/style>\t\t\t\t<\/div>\n\t\t\t\t<\/div>\n\t\t\t\t\t<\/div>\n\t\t\t\t<\/div>\n\t\t<div class=\"elementor-element elementor-element-eaf0fa7 e-flex e-con-boxed e-con e-parent\" data-id=\"eaf0fa7\" data-element_type=\"container\">\n\t\t\t\t\t<div class=\"e-con-inner\">\n\t\t\t\t\t<\/div>\n\t\t\t\t<\/div>\n\t\t<div class=\"elementor-element elementor-element-ce4df2c e-flex e-con-boxed e-con e-parent\" data-id=\"ce4df2c\" data-element_type=\"container\">\n\t\t\t\t\t<div class=\"e-con-inner\">\n\t\t\t\t<div class=\"elementor-element elementor-element-5b59729 elementor-widget elementor-widget-html\" data-id=\"5b59729\" data-element_type=\"widget\" data-widget_type=\"html.default\">\n\t\t\t\t<div class=\"elementor-widget-container\">\n\t\t\t\t\t<footer class=\"footer-custom\"> <p>\n  <p>\ud83c\udfa8 Dise\u00f1o y desarrollo: Sof\u00eda Morales, Millaray Quispe, Bianca Sol\u00f3rzano, Katherine Torres.<br> Leyendas recopiladas por: Camilo Montecinos Guerra. <p> \u00a9 2025 - Proyecto de Tesis UTA | Todos los derechos reservados \n<\/footer>\n\n<style>\n  .footer-custom {\n    position: relative;\n    left: 50%;\n    transform: translateX(-50%);\n    width: 100vw;\n    \n    margin: 0;\n    padding: 20px 0;\n    background-color: #9C3C1C;\n    color: #fff;\n    text-align: center;\n  }\n<\/style>\t\t\t\t<\/div>\n\t\t\t\t<\/div>\n\t\t\t\t\t<\/div>\n\t\t\t\t<\/div>\n\t\t\t\t<\/div>\n\t\t","protected":false},"excerpt":{"rendered":"<p>\u00a1Explora con orgullo! Las historias de nuestra regi\u00f3n te esperan para inspirarte \u2728 Leer Leyendas y Relatos de Arica y Parinacota Historias llenas de magia, misterio y tradici\u00f3n que nacen entre el mar, el desierto y las monta\u00f1as del norte de Chile. \u00a1Atr\u00e9vete a conocer sus secretos! El Arriero y el Misterio de la Sombra&hellip;&nbsp;<a href=\"https:\/\/katweb.cl\/\" rel=\"bookmark\"><span class=\"screen-reader-text\">Inicio<\/span><\/a><\/p>\n","protected":false},"author":1,"featured_media":0,"parent":0,"menu_order":0,"comment_status":"closed","ping_status":"closed","template":"","meta":{"neve_meta_sidebar":"","neve_meta_container":"","neve_meta_enable_content_width":"","neve_meta_content_width":0,"neve_meta_title_alignment":"","neve_meta_author_avatar":"","neve_post_elements_order":"","neve_meta_disable_header":"","neve_meta_disable_footer":"","neve_meta_disable_title":"on","footnotes":""},"class_list":["post-237","page","type-page","status-publish","hentry"],"_links":{"self":[{"href":"https:\/\/katweb.cl\/index.php?rest_route=\/wp\/v2\/pages\/237","targetHints":{"allow":["GET"]}}],"collection":[{"href":"https:\/\/katweb.cl\/index.php?rest_route=\/wp\/v2\/pages"}],"about":[{"href":"https:\/\/katweb.cl\/index.php?rest_route=\/wp\/v2\/types\/page"}],"author":[{"embeddable":true,"href":"https:\/\/katweb.cl\/index.php?rest_route=\/wp\/v2\/users\/1"}],"replies":[{"embeddable":true,"href":"https:\/\/katweb.cl\/index.php?rest_route=%2Fwp%2Fv2%2Fcomments&post=237"}],"version-history":[{"count":287,"href":"https:\/\/katweb.cl\/index.php?rest_route=\/wp\/v2\/pages\/237\/revisions"}],"predecessor-version":[{"id":2845,"href":"https:\/\/katweb.cl\/index.php?rest_route=\/wp\/v2\/pages\/237\/revisions\/2845"}],"wp:attachment":[{"href":"https:\/\/katweb.cl\/index.php?rest_route=%2Fwp%2Fv2%2Fmedia&parent=237"}],"curies":[{"name":"wp","href":"https:\/\/api.w.org\/{rel}","templated":true}]}}