{"id":47,"date":"2025-06-01T05:37:41","date_gmt":"2025-06-01T05:37:41","guid":{"rendered":"https:\/\/katweb.cl\/?page_id=47"},"modified":"2026-02-25T05:03:12","modified_gmt":"2026-02-25T05:03:12","slug":"biografia","status":"publish","type":"page","link":"https:\/\/katweb.cl\/?page_id=47","title":{"rendered":"Leyenda 3"},"content":{"rendered":"\t\t<div data-elementor-type=\"wp-page\" data-elementor-id=\"47\" class=\"elementor elementor-47\">\n\t\t\t\t<div class=\"elementor-element elementor-element-6621bd5 e-flex e-con-boxed e-con e-parent\" data-id=\"6621bd5\" data-element_type=\"container\">\n\t\t\t\t\t<div class=\"e-con-inner\">\n\t\t\t\t<div class=\"elementor-element elementor-element-ef609a8 elementor-widget elementor-widget-html\" data-id=\"ef609a8\" data-element_type=\"widget\" data-widget_type=\"html.default\">\n\t\t\t\t<div class=\"elementor-widget-container\">\n\t\t\t\t\t<figure class=\"wp-block-audio\" style=\"position: fixed; top: 5%; right: 5%; z-index: 9999; background-color: ##f8d7b0; padding: 10px; border-radius: 8px; width: auto; max-width: 400px; box-shadow: 0 4px 10px rgba(0, 0, 0, 0.2);\">\n  <audio id=\"musica\" loop>\n    <source src=\"https:\/\/katweb.cl\/wp-content\/uploads\/2026\/02\/valerystarfell-eagles-in-flight-340037.mp3\" type=\"audio\/mpeg\">\n    Tu navegador no soporta la reproducci\u00f3n de audio.\n  <\/audio>\n\n  <!-- Bot\u00f3n de control de m\u00fasica -->\n  <button id=\"toggleMusica\" style=\"\n    background: none;\n    border: 2px solid #8B8637;\n    border-radius: 5px;\n    padding: 8px 16px;\n    font-size: 20px;\n    cursor: pointer;\n    color: #8B8637;\n    transition: background-color 0.3s ease, border-color 0.3s ease, color 0.3s ease;\n    display: block;\n    margin-top: 10px;\n  \">\n    \u25ba\n  <\/button>\n\n  <style>\n    #toggleMusica:hover {\n      background-color: #f8d7b0;\n      color: #333;\n      border-color: #333;\n    }\n\n    .wp-block-audio audio {\n      width: 100%;\n      max-width: 100%;\n      border-radius: 5px;\n      box-shadow: 0 4px 10px rgba(0, 0, 0, 0.2);\n      margin: 10px 0;\n    }\n  <\/style>\n<\/figure>\n\n<script>\n  document.addEventListener('DOMContentLoaded', () => {\n    const musica = document.getElementById('musica');\n    const boton = document.getElementById('toggleMusica');\n\n    musica.volume = 0.2;\n\n    musica.play().then(() => {\n      boton.textContent = '\u275a\u275a';\n    }).catch(() => {\n      boton.textContent = '\u25ba';\n    });\n\n    boton.addEventListener('click', () => {\n      if (musica.paused) {\n        musica.play();\n        boton.textContent = '\u275a\u275a'; \/\/ S\u00edmbolo de pausa estilizable\n      } else {\n        musica.pause();\n        boton.textContent = '\u25ba'; \/\/ S\u00edmbolo de play estilizable\n      }\n    });\n  });\n<\/script>\t\t\t\t<\/div>\n\t\t\t\t<\/div>\n\t\t\t\t\t<\/div>\n\t\t\t\t<\/div>\n\t\t<div class=\"elementor-element elementor-element-28a8ce8 e-flex e-con-boxed e-con e-parent\" data-id=\"28a8ce8\" data-element_type=\"container\">\n\t\t\t\t\t<div class=\"e-con-inner\">\n\t\t\t\t<div class=\"elementor-element elementor-element-9707882 animated-slow elementor-invisible elementor-widget elementor-widget-heading\" data-id=\"9707882\" data-element_type=\"widget\" data-settings=\"{&quot;_animation_mobile&quot;:&quot;fadeIn&quot;,&quot;_animation&quot;:&quot;fadeIn&quot;}\" data-widget_type=\"heading.default\">\n\t\t\t\t<div class=\"elementor-widget-container\">\n\t\t\t\t\t<h5 class=\"elementor-heading-title elementor-size-default\">\u00a1Vamos a explorar juntos!<\/h5>\t\t\t\t<\/div>\n\t\t\t\t<\/div>\n\t\t\t\t\t<\/div>\n\t\t\t\t<\/div>\n\t\t<div class=\"elementor-element elementor-element-f4bb7b5 e-flex e-con-boxed e-con e-parent\" data-id=\"f4bb7b5\" data-element_type=\"container\">\n\t\t\t\t\t<div class=\"e-con-inner\">\n\t\t\t\t<div class=\"elementor-element elementor-element-4c4ad92 animated-slow elementor-invisible elementor-widget elementor-widget-heading\" data-id=\"4c4ad92\" data-element_type=\"widget\" data-settings=\"{&quot;_animation_mobile&quot;:&quot;fadeIn&quot;,&quot;_animation&quot;:&quot;rubberBand&quot;}\" data-widget_type=\"heading.default\">\n\t\t\t\t<div class=\"elementor-widget-container\">\n\t\t\t\t\t<h2 class=\"elementor-heading-title elementor-size-default\">La Leyenda del Viejo Andrajoso<\/h2>\t\t\t\t<\/div>\n\t\t\t\t<\/div>\n\t\t\t\t<div class=\"elementor-element elementor-element-3615928 animated-slow elementor-widget-divider--view-line elementor-invisible elementor-widget elementor-widget-divider\" data-id=\"3615928\" data-element_type=\"widget\" data-settings=\"{&quot;_animation&quot;:&quot;fadeIn&quot;}\" data-widget_type=\"divider.default\">\n\t\t\t\t<div class=\"elementor-widget-container\">\n\t\t\t\t\t\t\t<div class=\"elementor-divider\">\n\t\t\t<span class=\"elementor-divider-separator\">\n\t\t\t\t\t\t<\/span>\n\t\t<\/div>\n\t\t\t\t\t\t<\/div>\n\t\t\t\t<\/div>\n\t\t\t\t\t<\/div>\n\t\t\t\t<\/div>\n\t\t<div class=\"elementor-element elementor-element-06a76e7 e-flex e-con-boxed e-con e-parent\" data-id=\"06a76e7\" data-element_type=\"container\">\n\t\t\t\t\t<div class=\"e-con-inner\">\n\t\t\t\t<div class=\"elementor-element elementor-element-bd41765 elementor-invisible elementor-widget elementor-widget-image\" data-id=\"bd41765\" data-element_type=\"widget\" data-settings=\"{&quot;_animation_mobile&quot;:&quot;fadeIn&quot;,&quot;_animation&quot;:&quot;fadeIn&quot;}\" data-widget_type=\"image.default\">\n\t\t\t\t<div class=\"elementor-widget-container\">\n\t\t\t\t\t\t\t\t\t\t\t\t\t\t\t<img fetchpriority=\"high\" decoding=\"async\" width=\"728\" height=\"1024\" src=\"https:\/\/katweb.cl\/wp-content\/uploads\/2025\/11\/PORTADA3_REDISENO-728x1024.png\" class=\"attachment-large size-large wp-image-2822\" alt=\"\" srcset=\"https:\/\/katweb.cl\/wp-content\/uploads\/2025\/11\/PORTADA3_REDISENO-728x1024.png 728w, https:\/\/katweb.cl\/wp-content\/uploads\/2025\/11\/PORTADA3_REDISENO-213x300.png 213w, https:\/\/katweb.cl\/wp-content\/uploads\/2025\/11\/PORTADA3_REDISENO-768x1081.png 768w, https:\/\/katweb.cl\/wp-content\/uploads\/2025\/11\/PORTADA3_REDISENO.png 1080w\" sizes=\"(max-width: 728px) 100vw, 728px\" \/>\t\t\t\t\t\t\t\t\t\t\t\t\t\t\t<\/div>\n\t\t\t\t<\/div>\n\t\t\t\t\t<\/div>\n\t\t\t\t<\/div>\n\t\t<div class=\"elementor-element elementor-element-1c26cc8 e-flex e-con-boxed e-con e-parent\" data-id=\"1c26cc8\" data-element_type=\"container\">\n\t\t\t\t\t<div class=\"e-con-inner\">\n\t\t<div class=\"elementor-element elementor-element-c31b2f3 e-con-full e-flex elementor-invisible e-con e-child\" data-id=\"c31b2f3\" data-element_type=\"container\" data-settings=\"{&quot;animation&quot;:&quot;fadeIn&quot;}\">\n\t\t<div class=\"elementor-element elementor-element-0648dfb e-con-full e-flex e-con e-child\" data-id=\"0648dfb\" data-element_type=\"container\">\n\t\t\t\t<div class=\"elementor-element elementor-element-a1d1dc1 elementor-widget elementor-widget-audio\" data-id=\"a1d1dc1\" data-element_type=\"widget\" data-settings=\"{&quot;_animation_mobile&quot;:&quot;fadeIn&quot;}\" data-widget_type=\"audio.default\">\n\t\t\t\t<div class=\"elementor-widget-container\">\n\t\t\t\t\t\t\t\t<div class=\"elementor-soundcloud-wrapper\">\n\t\t\t\t<iframe width=\"1200\" height=\"200\" frameborder=\"no\" src=\"https:\/\/w.soundcloud.com\/player\/?visual=false&#038;url=https%3A%2F%2Fapi.soundcloud.com%2Ftracks%2F2133051465&#038;show_artwork=true&#038;maxheight=1000&#038;maxwidth=1200&#038;auto_play=false&#038;buying=true&#038;liking=true&#038;download=true&#038;sharing=true&#038;show_comments=true&#038;show_playcount=true&#038;show_user=true&#038;color\"><\/iframe>\t\t\t<\/div>\n\t\t\t\t\t\t\t<\/div>\n\t\t\t\t<\/div>\n\t\t\t\t<\/div>\n\t\t\t\t<\/div>\n\t\t\t\t\t<\/div>\n\t\t\t\t<\/div>\n\t\t<div class=\"elementor-element elementor-element-3b95677 e-flex e-con-boxed e-con e-parent\" data-id=\"3b95677\" data-element_type=\"container\">\n\t\t\t\t\t<div class=\"e-con-inner\">\n\t\t<div class=\"elementor-element elementor-element-1de0a41 e-con-full e-flex e-con e-child\" data-id=\"1de0a41\" data-element_type=\"container\">\n\t\t\t\t<div class=\"elementor-element elementor-element-f720c56 elementor-widget elementor-widget-html\" data-id=\"f720c56\" data-element_type=\"widget\" data-widget_type=\"html.default\">\n\t\t\t\t<div class=\"elementor-widget-container\">\n\t\t\t\t\t<!-- Google Fonts: Inter -->\n<link href=\"https:\/\/fonts.googleapis.com\/css2?family=Inter&display=swap\" rel=\"stylesheet\">\n\n<div style=\"font-family: 'Inter', sans-serif; color: #7A7A7A; font-size: 16px; line-height: 1.6;\">\n  <p class=\"dropcap\">\n   La historia habla de una fiesta situada en el pueblo de Socoroma, que en aymara se dice chukuruma y significa \"agua que corre\", una fiesta con personas bailando y m\u00fasicos tocando con mucho entusiasmo. \n   \n<p style=\"text-align: center;\">\n  <img decoding=\"async\" src=\"https:\/\/katweb.cl\/wp-content\/uploads\/2025\/07\/L3_1.png\"\n  \n       style=\"width: 100%; max-width: 600px; margin: 20px auto; border-radius: 12px; box-shadow: 0 2px 8px rgba(0,0,0,0.2); display: block;\">\n<\/p> \n   \n   Estaban en una casa, todos alegres y divirti\u00e9ndose al son de las zampo\u00f1as, cuando de pronto, aparece un anciano vestido con <span class=\"click-tooltip\" onclick=\"toggleTooltip(this)\">andrajos<span class=\"tooltiptext\">Prenda de vestir vieja, rota o sucia.<\/span><\/span>. Los invitados, al verlo as\u00ed con ropita vieja, se molestan y lo insultan, buscando que el hombre se fuera del lugar. Cuenta la leyenda que los m\u00fasicos lo defendieron, evitando que lo sacaran de la celebraci\u00f3n.\n  <\/p>\n\n<p style=\"text-align: center;\">\n  <img decoding=\"async\" src=\"https:\/\/katweb.cl\/wp-content\/uploads\/2025\/12\/1.gif\"\n  \n       style=\"width: 100%; max-width: 600px; margin: 20px auto; border-radius: 12px; box-shadow: 0 2px 8px rgba(0,0,0,0.2); display: block;\">\n<\/p> \n  \n  <p>\n   Y no solo eso, adem\u00e1s de protegerlo de los gritos e intentos de golpes, los m\u00fasicos lo lavaron con cuidado y lo invitaron a almorzar con ellos. Tambi\u00e9n una se\u00f1ora que cargaba una <span class=\"click-tooltip\" onclick=\"toggleTooltip(this)\">wawa<span class=\"tooltiptext\">De la lengua aymara: \"Ni\u00f1o, beb\u00e9 o reci\u00e9n nacido\".<\/span><\/span> se mostr\u00f3 muy preocupada por \u00e9l. Acto seguido, le sirvieron mucha comida, para que el anciano pudiera disfrutar como todos en aquella festividad. \n  <\/p>  \n  \n  <p>\n   Una vez que termin\u00f3 de comer, el viejo <span class=\"click-tooltip\" onclick=\"toggleTooltip(this)\">haraposo<span class=\"tooltiptext\"> Que va vestido de forma desali\u00f1ada.<\/span><\/span> decidi\u00f3 marcharse. No obstante, (y esta es la parte m\u00e1s interesante de la historia), hizo una gran advertencia a los m\u00fasicos y a la se\u00f1ora que permanec\u00eda con su hijo: \"Me ir\u00e9, pero amigos zampo\u00f1eros, v\u00e1yanse de aqu\u00ed muy lejos, sin mirar atr\u00e1s, porque algo terrible va a pasar\".\n   \n<p style=\"text-align: center;\">\n  <img decoding=\"async\" src=\"https:\/\/katweb.cl\/wp-content\/uploads\/2025\/07\/L3_31.png\"\n  \n       style=\"width: 100%; max-width: 600px; margin: 20px auto; border-radius: 12px; box-shadow: 0 2px 8px rgba(0,0,0,0.2); display: block;\">\n<\/p> \n  \n  <\/p>  \n  \n  <p>\n   Los m\u00fasicos y la se\u00f1ora quedaron sorprendidos por la revelaci\u00f3n del viejo y de inmediato dejaron los festejos para salir del pueblo. Estaban decididos a seguir las instrucciones por miedo a lo que pudiera suceder. Sin embargo, en un instante de duda o curiosidad, cuando ya estaban en lo alto del cerro, miraron hacia atr\u00e1s y quedaron convertidos en piedra. \n  <\/p>  \n  \n<p style=\"text-align: center;\">\n  <img decoding=\"async\" src=\"https:\/\/katweb.cl\/wp-content\/uploads\/2025\/07\/Animacion-Viejo-Andrajoso-final.gif\"\n  \n       style=\"width: 100%; max-width: 600px; margin: 20px auto; border-radius: 12px; box-shadow: 0 2px 8px rgba(0,0,0,0.2); display: block;\">\n<\/p> \n  \n   <p>\n   En Pusiri Collo, o cerro de los m\u00fasicos, est\u00e1n las piedras con la forma de los m\u00fasicos, se puede ver tambi\u00e9n sus instrumentos, sus zampo\u00f1as, su tambor y bombo. La mujer igual est\u00e1, con su hijo a la espalda. Todos petrificados por no seguir las \u00f3rdenes del anciano.\n  <\/p>   \n  \n<p style=\"text-align: center;\">\n  <img decoding=\"async\" src=\"https:\/\/katweb.cl\/wp-content\/uploads\/2025\/07\/L3_5.png\"\n  \n       style=\"width: 100%; max-width: 600px; margin: 20px auto; border-radius: 12px; box-shadow: 0 2px 8px rgba(0,0,0,0.2); display: block;\">\n<\/p>   \n  \n<\/div>\n\n<style>\n\n.dropcap::first-letter {\n  float: left;\n  font-size: 3.8em;\n  line-height: 1;\n  font-weight: bold;\n  margin-right: 10px;\n  color: #1E3335;\n  font-family: 'Inter', sans-serif;\n}\n\n.click-tooltip {\n  position: relative;\n  cursor: pointer;\n  color: #8b8637;\n  font-weight: bold;\n}\n\n.tooltiptext {\n  display: none;\n  position: absolute;\n  background-color: #ffffff;\n  color: #1E3335;\n  padding: 10px;\n  border-radius: 8px;\n  box-shadow: 0px 2px 6px rgba(0, 0, 0, 0.2);\n  z-index: 1000;\n  font-size: 14px;\n  width: 220px;\n  top: 120%;\n  left: 100%;\n  transform: translateX(-50%);\n}\n\n.click-tooltip.active .tooltiptext {\n  display: block;\n}\n<\/style>\n\n\n<script>\nfunction toggleTooltip(el) {\n  document.querySelectorAll('.click-tooltip').forEach(function(item) {\n    if (item !== el) {\n      item.classList.remove('active');\n    }\n  });\n  el.classList.toggle('active');\n}\n\ndocument.addEventListener('click', function(event) {\n  if (!event.target.closest('.click-tooltip')) {\n    document.querySelectorAll('.click-tooltip').forEach(function(item) {\n      item.classList.remove('active');\n    });\n  }\n});\n\n\/\/ --- BLOQUE NUEVO ---\n\/\/ Desactiva clic derecho solo en im\u00e1genes\ndocument.querySelectorAll('img').forEach(img => {\n  img.addEventListener('contextmenu', e => e.preventDefault());\n});\n<\/script>\n\t\t\t\t<\/div>\n\t\t\t\t<\/div>\n\t\t\t\t<\/div>\n\t\t\t\t\t<\/div>\n\t\t\t\t<\/div>\n\t\t<div class=\"elementor-element elementor-element-fe6f35d e-flex e-con-boxed e-con e-parent\" data-id=\"fe6f35d\" data-element_type=\"container\">\n\t\t\t\t\t<div class=\"e-con-inner\">\n\t\t\t\t<div class=\"elementor-element elementor-element-599df37 elementor-mobile-align-center elementor-invisible elementor-widget elementor-widget-button\" data-id=\"599df37\" data-element_type=\"widget\" data-settings=\"{&quot;_animation&quot;:&quot;fadeInDown&quot;}\" data-widget_type=\"button.default\">\n\t\t\t\t<div class=\"elementor-widget-container\">\n\t\t\t\t\t\t\t\t\t<div class=\"elementor-button-wrapper\">\n\t\t\t\t\t<a class=\"elementor-button elementor-button-link elementor-size-sm\" href=\"https:\/\/katweb.cl\/?page_id=86\">\n\t\t\t\t\t\t<span class=\"elementor-button-content-wrapper\">\n\t\t\t\t\t\t\t\t\t<span class=\"elementor-button-text\">Cap\u00edtulo Anterior<\/span>\n\t\t\t\t\t<\/span>\n\t\t\t\t\t<\/a>\n\t\t\t\t<\/div>\n\t\t\t\t\t\t\t\t<\/div>\n\t\t\t\t<\/div>\n\t\t\t\t<div class=\"elementor-element elementor-element-cd011ec elementor-mobile-align-center elementor-invisible elementor-widget elementor-widget-button\" data-id=\"cd011ec\" data-element_type=\"widget\" data-settings=\"{&quot;_animation&quot;:&quot;fadeInDown&quot;}\" data-widget_type=\"button.default\">\n\t\t\t\t<div class=\"elementor-widget-container\">\n\t\t\t\t\t\t\t\t\t<div class=\"elementor-button-wrapper\">\n\t\t\t\t\t<a class=\"elementor-button elementor-button-link elementor-size-sm\" href=\"https:\/\/katweb.cl\/\">\n\t\t\t\t\t\t<span class=\"elementor-button-content-wrapper\">\n\t\t\t\t\t\t\t\t\t<span class=\"elementor-button-text\">Volver al Inicio<\/span>\n\t\t\t\t\t<\/span>\n\t\t\t\t\t<\/a>\n\t\t\t\t<\/div>\n\t\t\t\t\t\t\t\t<\/div>\n\t\t\t\t<\/div>\n\t\t\t\t\t<\/div>\n\t\t\t\t<\/div>\n\t\t<div class=\"elementor-element elementor-element-7be34ac e-flex e-con-boxed e-con e-parent\" data-id=\"7be34ac\" data-element_type=\"container\">\n\t\t\t\t\t<div class=\"e-con-inner\">\n\t\t\t\t<div class=\"elementor-element elementor-element-de17409 elementor-widget elementor-widget-html\" data-id=\"de17409\" data-element_type=\"widget\" data-widget_type=\"html.default\">\n\t\t\t\t<div class=\"elementor-widget-container\">\n\t\t\t\t\t<script>\n\/\/ Desactiva clic derecho en todas las im\u00e1genes y gifs\ndocument.addEventListener('DOMContentLoaded', () => {\n  document.querySelectorAll('img').forEach(img => {\n    img.addEventListener('contextmenu', e => e.preventDefault());\n  });\n});\n\n\/\/ Bloquea arrastrar im\u00e1genes\ndocument.addEventListener('dragstart', (e) => {\n  if (e.target.tagName === 'IMG') {\n    e.preventDefault();\n  }\n});\n<\/script>\n\n<style>\nimg {\n  -webkit-user-drag: none;\n  user-drag: none;\n}\n<\/style>\t\t\t\t<\/div>\n\t\t\t\t<\/div>\n\t\t\t\t\t<\/div>\n\t\t\t\t<\/div>\n\t\t<div class=\"elementor-element elementor-element-17c70dc e-flex e-con-boxed e-con e-parent\" data-id=\"17c70dc\" data-element_type=\"container\">\n\t\t\t\t\t<div class=\"e-con-inner\">\n\t\t\t\t\t<\/div>\n\t\t\t\t<\/div>\n\t\t\t\t<\/div>\n\t\t","protected":false},"excerpt":{"rendered":"<p>Tu navegador no soporta la reproducci\u00f3n de audio. \u25ba \u00a1Vamos a explorar juntos! La Leyenda del Viejo Andrajoso La historia habla de una fiesta situada en el pueblo de Socoroma, que en aymara se dice chukuruma y significa \u00abagua que corre\u00bb, una fiesta con personas bailando y m\u00fasicos tocando con mucho entusiasmo. Estaban en una&hellip;&nbsp;<a href=\"https:\/\/katweb.cl\/?page_id=47\" rel=\"bookmark\"><span class=\"screen-reader-text\">Leyenda 3<\/span><\/a><\/p>\n","protected":false},"author":1,"featured_media":0,"parent":0,"menu_order":0,"comment_status":"closed","ping_status":"closed","template":"","meta":{"neve_meta_sidebar":"","neve_meta_container":"","neve_meta_enable_content_width":"","neve_meta_content_width":0,"neve_meta_title_alignment":"","neve_meta_author_avatar":"","neve_post_elements_order":"","neve_meta_disable_header":"","neve_meta_disable_footer":"","neve_meta_disable_title":"on","footnotes":""},"class_list":["post-47","page","type-page","status-publish","hentry"],"_links":{"self":[{"href":"https:\/\/katweb.cl\/index.php?rest_route=\/wp\/v2\/pages\/47","targetHints":{"allow":["GET"]}}],"collection":[{"href":"https:\/\/katweb.cl\/index.php?rest_route=\/wp\/v2\/pages"}],"about":[{"href":"https:\/\/katweb.cl\/index.php?rest_route=\/wp\/v2\/types\/page"}],"author":[{"embeddable":true,"href":"https:\/\/katweb.cl\/index.php?rest_route=\/wp\/v2\/users\/1"}],"replies":[{"embeddable":true,"href":"https:\/\/katweb.cl\/index.php?rest_route=%2Fwp%2Fv2%2Fcomments&post=47"}],"version-history":[{"count":162,"href":"https:\/\/katweb.cl\/index.php?rest_route=\/wp\/v2\/pages\/47\/revisions"}],"predecessor-version":[{"id":2869,"href":"https:\/\/katweb.cl\/index.php?rest_route=\/wp\/v2\/pages\/47\/revisions\/2869"}],"wp:attachment":[{"href":"https:\/\/katweb.cl\/index.php?rest_route=%2Fwp%2Fv2%2Fmedia&parent=47"}],"curies":[{"name":"wp","href":"https:\/\/api.w.org\/{rel}","templated":true}]}}