{"id":86,"date":"2025-06-01T06:31:30","date_gmt":"2025-06-01T06:31:30","guid":{"rendered":"https:\/\/katweb.cl\/?page_id=86"},"modified":"2025-11-21T12:25:20","modified_gmt":"2025-11-21T12:25:20","slug":"multimedia","status":"publish","type":"page","link":"https:\/\/katweb.cl\/?page_id=86","title":{"rendered":"Leyenda 2"},"content":{"rendered":"\t\t<div data-elementor-type=\"wp-page\" data-elementor-id=\"86\" class=\"elementor elementor-86\">\n\t\t\t\t<div class=\"elementor-element elementor-element-47afe37 e-flex e-con-boxed e-con e-parent\" data-id=\"47afe37\" data-element_type=\"container\">\n\t\t\t\t\t<div class=\"e-con-inner\">\n\t\t<div class=\"elementor-element elementor-element-bf17cfe e-con-full e-flex e-con e-child\" data-id=\"bf17cfe\" data-element_type=\"container\">\n\t\t\t\t<div class=\"elementor-element elementor-element-faae536 elementor-widget elementor-widget-html\" data-id=\"faae536\" data-element_type=\"widget\" data-widget_type=\"html.default\">\n\t\t\t\t<div class=\"elementor-widget-container\">\n\t\t\t\t\t<figure class=\"wp-block-audio\" style=\"position: fixed; top: 5%; right: 5%; z-index: 9999; background-color: ##f8d7b0; padding: 10px; border-radius: 8px; width: auto; max-width: 400px; box-shadow: 0 4px 10px rgba(0, 0, 0, 0.2);\">\n  <audio id=\"musica\" loop>\n    <source src=\"https:\/\/katweb.cl\/wp-content\/uploads\/2025\/07\/leyenda-2_mezcla_01.mp3\" \n    type=\"audio\/mpeg\">\n    Tu navegador no soporta la reproducci\u00f3n de audio.\n  <\/audio>\n\n  <!-- Bot\u00f3n de control de m\u00fasica -->\n  <button id=\"toggleMusica\" style=\"\n    background: none;\n    border: 2px solid #8B8637;\n    border-radius: 5px;\n    padding: 8px 16px;\n    font-size: 20px;\n    cursor: pointer;\n    color: #8B8637;\n    transition: background-color 0.3s ease, border-color 0.3s ease, color 0.3s ease;\n    display: block;\n    margin-top: 10px;\n  \">\n    \u25ba\n  <\/button>\n\n  <style>\n    #toggleMusica:hover {\n      background-color: #f8d7b0;\n      color: #333;\n      border-color: #333;\n    }\n\n    .wp-block-audio audio {\n      width: 100%;\n      max-width: 100%;\n      border-radius: 5px;\n      box-shadow: 0 4px 10px rgba(0, 0, 0, 0.2);\n      margin: 10px 0;\n    }\n  <\/style>\n<\/figure>\n\n<script>\n  document.addEventListener('DOMContentLoaded', () => {\n    const musica = document.getElementById('musica');\n    const boton = document.getElementById('toggleMusica');\n\n    musica.volume = 0.2;\n\n    musica.play().then(() => {\n      boton.textContent = '\u275a\u275a';\n    }).catch(() => {\n      boton.textContent = '\u25ba';\n    });\n\n    boton.addEventListener('click', () => {\n      if (musica.paused) {\n        musica.play();\n        boton.textContent = '\u275a\u275a'; \/\/ S\u00edmbolo de pausa estilizable\n      } else {\n        musica.pause();\n        boton.textContent = '\u25ba'; \/\/ S\u00edmbolo de play estilizable\n      }\n    });\n  });\n<\/script>\t\t\t\t<\/div>\n\t\t\t\t<\/div>\n\t\t\t\t<\/div>\n\t\t\t\t\t<\/div>\n\t\t\t\t<\/div>\n\t\t<div class=\"elementor-element elementor-element-5897a01 e-flex e-con-boxed e-con e-parent\" data-id=\"5897a01\" data-element_type=\"container\">\n\t\t\t\t\t<div class=\"e-con-inner\">\n\t\t\t\t<div class=\"elementor-element elementor-element-9a1f069 animated-slow elementor-invisible elementor-widget elementor-widget-heading\" data-id=\"9a1f069\" data-element_type=\"widget\" data-settings=\"{&quot;_animation_mobile&quot;:&quot;fadeIn&quot;,&quot;_animation&quot;:&quot;fadeIn&quot;}\" data-widget_type=\"heading.default\">\n\t\t\t\t<div class=\"elementor-widget-container\">\n\t\t\t\t\t<h5 class=\"elementor-heading-title elementor-size-default\">\u00a1Vamos a explorar juntos!<\/h5>\t\t\t\t<\/div>\n\t\t\t\t<\/div>\n\t\t\t\t\t<\/div>\n\t\t\t\t<\/div>\n\t\t<div class=\"elementor-element elementor-element-c06e94d e-flex e-con-boxed e-con e-parent\" data-id=\"c06e94d\" data-element_type=\"container\">\n\t\t\t\t\t<div class=\"e-con-inner\">\n\t\t\t\t<div class=\"elementor-element elementor-element-f162c5e animated-slow elementor-invisible elementor-widget elementor-widget-heading\" data-id=\"f162c5e\" data-element_type=\"widget\" data-settings=\"{&quot;_animation_mobile&quot;:&quot;fadeIn&quot;,&quot;_animation&quot;:&quot;rubberBand&quot;}\" data-widget_type=\"heading.default\">\n\t\t\t\t<div class=\"elementor-widget-container\">\n\t\t\t\t\t<h2 class=\"elementor-heading-title elementor-size-default\">Un Ni\u00f1o Desobediente<\/h2>\t\t\t\t<\/div>\n\t\t\t\t<\/div>\n\t\t\t\t<div class=\"elementor-element elementor-element-6c46d8e animated-slow elementor-widget-divider--view-line elementor-invisible elementor-widget elementor-widget-divider\" data-id=\"6c46d8e\" data-element_type=\"widget\" data-settings=\"{&quot;_animation&quot;:&quot;fadeIn&quot;}\" data-widget_type=\"divider.default\">\n\t\t\t\t<div class=\"elementor-widget-container\">\n\t\t\t\t\t\t\t<div class=\"elementor-divider\">\n\t\t\t<span class=\"elementor-divider-separator\">\n\t\t\t\t\t\t<\/span>\n\t\t<\/div>\n\t\t\t\t\t\t<\/div>\n\t\t\t\t<\/div>\n\t\t\t\t\t<\/div>\n\t\t\t\t<\/div>\n\t\t<div class=\"elementor-element elementor-element-6c4e819 e-flex e-con-boxed e-con e-parent\" data-id=\"6c4e819\" data-element_type=\"container\">\n\t\t\t\t\t<div class=\"e-con-inner\">\n\t\t\t\t<div class=\"elementor-element elementor-element-001dfb8 elementor-invisible elementor-widget elementor-widget-image\" data-id=\"001dfb8\" data-element_type=\"widget\" data-settings=\"{&quot;_animation_mobile&quot;:&quot;fadeIn&quot;,&quot;_animation&quot;:&quot;fadeIn&quot;}\" data-widget_type=\"image.default\">\n\t\t\t\t<div class=\"elementor-widget-container\">\n\t\t\t\t\t\t\t\t\t\t\t\t\t\t\t<img fetchpriority=\"high\" decoding=\"async\" width=\"728\" height=\"1024\" src=\"https:\/\/katweb.cl\/wp-content\/uploads\/2025\/11\/portada2_2REDISENO_2-728x1024.png\" class=\"attachment-large size-large wp-image-2820\" alt=\"\" srcset=\"https:\/\/katweb.cl\/wp-content\/uploads\/2025\/11\/portada2_2REDISENO_2-728x1024.png 728w, https:\/\/katweb.cl\/wp-content\/uploads\/2025\/11\/portada2_2REDISENO_2-213x300.png 213w, https:\/\/katweb.cl\/wp-content\/uploads\/2025\/11\/portada2_2REDISENO_2-768x1081.png 768w, https:\/\/katweb.cl\/wp-content\/uploads\/2025\/11\/portada2_2REDISENO_2.png 1080w\" sizes=\"(max-width: 728px) 100vw, 728px\" \/>\t\t\t\t\t\t\t\t\t\t\t\t\t\t\t<\/div>\n\t\t\t\t<\/div>\n\t\t\t\t\t<\/div>\n\t\t\t\t<\/div>\n\t\t<div class=\"elementor-element elementor-element-98f69e0 e-flex e-con-boxed e-con e-parent\" data-id=\"98f69e0\" data-element_type=\"container\">\n\t\t\t\t\t<div class=\"e-con-inner\">\n\t\t<div class=\"elementor-element elementor-element-0bb5480 e-con-full e-flex elementor-invisible e-con e-child\" data-id=\"0bb5480\" data-element_type=\"container\" data-settings=\"{&quot;animation&quot;:&quot;fadeIn&quot;}\">\n\t\t\t\t<div class=\"elementor-element elementor-element-e00597d elementor-widget elementor-widget-audio\" data-id=\"e00597d\" data-element_type=\"widget\" data-settings=\"{&quot;_animation_mobile&quot;:&quot;fadeIn&quot;}\" data-widget_type=\"audio.default\">\n\t\t\t\t<div class=\"elementor-widget-container\">\n\t\t\t\t\t\t\t\t<div class=\"elementor-soundcloud-wrapper\">\n\t\t\t\t<iframe width=\"1200\" height=\"200\" frameborder=\"no\" src=\"https:\/\/w.soundcloud.com\/player\/?visual=false&#038;url=https%3A%2F%2Fapi.soundcloud.com%2Ftracks%2F2133049857&#038;show_artwork=true&#038;maxheight=1000&#038;maxwidth=1200&#038;auto_play=false&#038;buying=true&#038;liking=true&#038;download=true&#038;sharing=true&#038;show_comments=true&#038;show_playcount=true&#038;show_user=true&#038;color\"><\/iframe>\t\t\t<\/div>\n\t\t\t\t\t\t\t<\/div>\n\t\t\t\t<\/div>\n\t\t\t\t<\/div>\n\t\t\t\t\t<\/div>\n\t\t\t\t<\/div>\n\t\t<div class=\"elementor-element elementor-element-618ba1d e-flex e-con-boxed e-con e-parent\" data-id=\"618ba1d\" data-element_type=\"container\">\n\t\t\t\t\t<div class=\"e-con-inner\">\n\t\t\t\t<div class=\"elementor-element elementor-element-88e42df elementor-widget elementor-widget-html\" data-id=\"88e42df\" data-element_type=\"widget\" data-widget_type=\"html.default\">\n\t\t\t\t<div class=\"elementor-widget-container\">\n\t\t\t\t\t<!-- Google Fonts: Inter -->\n<link href=\"https:\/\/fonts.googleapis.com\/css2?family=Inter&display=swap\" rel=\"stylesheet\">\n\n<div style=\"font-family: 'Inter', sans-serif; color: #7A7A7A; font-size: 16px; line-height: 1.6;\">\n  <p class=\"dropcap\">\n   Los <span class=\"click-tooltip\" onclick=\"toggleTooltip(this)\">rescoldos<span class=\"tooltiptext\">Brasa menuda resguardada por la ceniza.<\/span><\/span> de la fogata a\u00fan <span class=\"click-tooltip\" onclick=\"toggleTooltip(this)\">crepitan<span class=\"tooltiptext\">Producir sonidos repetidos, r\u00e1pidos y secos, como el de la sal en el fuego.<\/span><\/span> a la intemperie de la fr\u00eda noche andina. Rodeando las <span class=\"click-tooltip\" onclick=\"toggleTooltip(this)\">llamaradas<span class=\"tooltiptext\">Llama que se levanta del fuego y que se apaga pronto.<\/span><\/span>, un grupo de viajeros aviva el fuego contando historias y leyendas, acompa\u00f1ados por algunos lugare\u00f1os, que bien conocen esos paisajes que casi rozan el cielo.\n   <\/p>\n   \n   \n<p style=\"text-align: center;\">\n  <img decoding=\"async\" src=\"https:\/\/katweb.cl\/wp-content\/uploads\/2025\/07\/02-2.png\"\n  \n       style=\"width: 100%; max-width: 600px; margin: 20px auto; border-radius: 12px; box-shadow: 0 2px 8px rgba(0,0,0,0.2); display: block;\">\n<\/p>   \n   \n    \n  <p>\nLas bajas temperaturas obligan a beber un t\u00e9 de coca con <span class=\"click-tooltip\" onclick=\"toggleTooltip(this)\">chachacoma<span class=\"tooltiptext\">Planta de la cordillera andina, de flores amarillas y de uso en la medicina casera.<\/span><\/span>, cuyo vapor se entremezcla con el humo que <span class=\"click-tooltip\" onclick=\"toggleTooltip(this)\">expele<span class=\"tooltiptext\">Expulsar.<\/span><\/span> cada boca durante la conversaci\u00f3n. La hierba ayuda tambi\u00e9n a aminorar los efectos de la puna, que a esas alturas puede ocasionar grandes estragos en el cuerpo.\n  <\/p>\n  \n  <p>\nLos viajeros se miran entusiasmados, han relatado algunas experiencias, pero no se comparan con las historias que narran los <span class=\"click-tooltip\" onclick=\"toggleTooltip(this)\">oriundos<span class=\"tooltiptext\">Originarios, ind\u00edgenas.<\/span><\/span>, cuyo vapor se entremezcla con el humo que <span class=\"click-tooltip\" onclick=\"toggleTooltip(this)\">expele<span class=\"tooltiptext\">Expulsar.<\/span><\/span>. \"Ha valido la pena el viaje\", exclama un extranjero, expectante y ansioso por seguir escuchando.\n  <\/p>\n  \n  <p>\nEntre las pausas propias de la narraci\u00f3n, un hombre irrumpe con su voz baja y temerosa. Dice ser de la comuna de General Lagos, hijo de ganaderos y ferviente protector de la <span class=\"click-tooltip\" onclick=\"toggleTooltip(this)\">Pachamama<span class=\"tooltiptext\">En quechua y aymara, significa \"Madre Tierra\". Es una deidad venerada por los pueblos andinos, representando la fertilidad, la abundancia y la conexi\u00f3n intr\u00ednseca entre los seres humanos y la naturaleza.<\/span><\/span>. \"Les traigo una historia que nos contaba mi madre, despu\u00e9s de escucharla nunca m\u00e1s la desobedecimos con mis hermanos\". Se sienten carcajadas, que se interrumpen r\u00e1pidamente ante el semblante serio del pr\u00f3ximo <span class=\"click-tooltip\" onclick=\"toggleTooltip(this)\">orador<span class=\"tooltiptext\">Persona que habla en p\u00fablico, pronuncia discursos o imparte conferencias de forma elocuente y con estilo elevado.<\/span><\/span>.\n  <\/p>\n  \n  \n<p style=\"text-align: center;\">\n  <img decoding=\"async\" src=\"https:\/\/katweb.cl\/wp-content\/uploads\/2025\/07\/02-4.png\"\n  \n       style=\"width: 100%; max-width: 600px; margin: 20px auto; border-radius: 12px; box-shadow: 0 2px 8px rgba(0,0,0,0.2); display: block;\">\n<\/p>   \n  \n  \n<p>\nHace muchos a\u00f1os hab\u00eda una madre junto con su hijo. Ambos viv\u00edan los dos solos. Ten\u00edan animales como alpacas, llamas y corderos, animales muy frecuentes por estos territorios. Todos los d\u00edas sal\u00edan a pastorear su ganado, levant\u00e1ndose muy temprano. Ella, antes de que amaneciera, dejaba preparado las meriendas y el almuerzo para la jornada. Era una labor sacrificada, pero deb\u00eda hacerlo por su hijo, su tierra y sus animales. El ni\u00f1o era hijo \u00fanico y algo caracter\u00edstico que ten\u00eda era que siempre se enojaba por cualquier cosa. La madre casi no pod\u00eda retarlo o ense\u00f1arle porque inmediatamente se enojaba y realizaba sus <span class=\"click-tooltip\" onclick=\"toggleTooltip(this)\">pataletas<span class=\"tooltiptext\">Enfado o rabieta.<\/span><\/span>.\n  <\/p>\n  \n<p style=\"text-align: center;\">\n  <img decoding=\"async\" src=\"https:\/\/katweb.cl\/wp-content\/uploads\/2025\/07\/03-1.png\"\n  \n       style=\"width: 100%; max-width: 600px; margin: 20px auto; border-radius: 12px; box-shadow: 0 2px 8px rgba(0,0,0,0.2); display: block;\">\n<\/p>  \n  \n<p>\nCierto d\u00eda, en el que se encontraban pastoreando a sus animales como de costumbre, el ni\u00f1o comienza a quedarse atr\u00e1s. La mam\u00e1 avanzaba con el reba\u00f1o mientras el hijo se distra\u00eda jugando. \"Ap\u00farate\", le gritaba la madre, \"los corderos nos est\u00e1n ganando\". No obstante, pese a las advertencias de la mujer el ni\u00f1o se enoja y se devuelve a\u00fan m\u00e1s atr\u00e1s.\n  <\/p>\n  \n  \n<p style=\"text-align: center;\">\n  <img decoding=\"async\" src=\"https:\/\/katweb.cl\/wp-content\/uploads\/2025\/07\/animacion-nino-desobediente.gif\"\n  \n       style=\"width: 100%; max-width: 600px; margin: 20px auto; border-radius: 12px; box-shadow: 0 2px 8px rgba(0,0,0,0.2); display: block;\">\n<\/p>  \n<p style=\"text-align: center;\">\n  <img decoding=\"async\" src=\"https:\/\/katweb.cl\/wp-content\/uploads\/2025\/07\/05-1.png\"\n  \n       style=\"width: 100%; max-width: 600px; margin: 20px auto; border-radius: 12px; box-shadow: 0 2px 8px rgba(0,0,0,0.2); display: block;\">\n<\/p> \n  \n<p>\nEl hijo se fue caminando, enojado, por esos senderos peligrosos, alej\u00e1ndose cada vez m\u00e1s de la madre. De pronto, otro ni\u00f1o, desnudo, de apariencia oscura, le grita invit\u00e1ndole a irse con \u00e9l. \n\n<\/p>  \n\n<p style=\"text-align: center;\">\n  <img decoding=\"async\" src=\"https:\/\/katweb.cl\/wp-content\/uploads\/2025\/07\/06-1.png\" \n  \n       style=\"width: 100%; max-width: 600px; margin: 20px auto; border-radius: 12px; box-shadow: 0 2px 8px rgba(0,0,0,0.2); display: block;\">\n<\/p> \n\n<p style=\"text-align: center;\">\n  <img decoding=\"async\" src=\"https:\/\/katweb.cl\/wp-content\/uploads\/2025\/07\/07-1.png\" \n  \n       style=\"width: 100%; max-width: 600px; margin: 20px auto; border-radius: 12px; box-shadow: 0 2px 8px rgba(0,0,0,0.2); display: block;\">\n<\/p> \n\n<p>El hijo asustado al ver esa figura extra\u00f1a, se va corriendo de regreso donde su mam\u00e1 y, llorando, le cuenta lo sucedido. Al instante de revelar esa experiencia inusual, sufre una hemorragia y muere, sin explicaci\u00f3n, delante de su madre. Ella, desesperada, no sabe qu\u00e9 hacer y llora amargamente.\n  <\/p>\n  \n  \n<p style=\"text-align: center;\">\n  <img decoding=\"async\" src=\"https:\/\/katweb.cl\/wp-content\/uploads\/2025\/07\/animacion-nino-desobediente-2.gif\" \n  \n       style=\"width: 100%; max-width: 600px; margin: 20px auto; border-radius: 12px; box-shadow: 0 2px 8px rgba(0,0,0,0.2); display: block;\">\n<\/p> \n  \n  \n<p>\nCuenta la leyenda, tiempo despu\u00e9s, que aquel ni\u00f1o oscuro y extra\u00f1o era un demonio, que suele aparecer a los peque\u00f1os que desobedecen a sus padres, llev\u00e1ndoselos consigo al fondo de la tierra.\n  <\/p>\n  \n<p>\nAl terminar la historia, una r\u00e1faga fuerte de viento se siente a las espaldas de los viajeros. La fogata se desvanece y la oscuridad inmensa llena todo el horizonte. Solo es posible reconocer la silueta imponente de las monta\u00f1as y volcanes, a lo lejos, y el rostro <span class=\"click-tooltip\" onclick=\"toggleTooltip(this)\">imp\u00e1vido<span class=\"tooltiptext\">Que se muestra sereno o sin miedo ante el peligro.<\/span><\/span> de aquellos que escucharon el relato. Sin mediar palabra, retornan todos al campamento para continuar al d\u00eda siguiente su viaje por el altiplano.\n  <\/p>  \n  \n<p>\nYa sabr\u00e1n qu\u00e9 contarles a sus hijos en caso de que alguno se atreviera a desobedecer.\n  <\/p> \n  \n<\/div>\n\n<style>\n\n.dropcap::first-letter {\n  float: left;\n  font-size: 3.8em;\n  line-height: 1;\n  font-weight: bold;\n  margin-right: 10px;\n  color: #1E3335;\n  font-family: 'Inter', sans-serif;\n}\n\n.click-tooltip {\n  position: relative;\n  cursor: pointer;\n  color: #8b8637;\n  font-weight: bold;\n}\n\n.tooltiptext {\n  display: none;\n  position: absolute;\n  background-color: #ffffff;\n  color: #1E3335;\n  padding: 10px;\n  border-radius: 8px;\n  box-shadow: 0px 2px 6px rgba(0, 0, 0, 0.2);\n  z-index: 1000;\n  font-size: 14px;\n  width: 220px;\n  top: 120%;\n  left: 100%;\n  transform: translateX(-50%);\n}\n\n.click-tooltip.active .tooltiptext {\n  display: block;\n}\n<\/style>\n\n<script>\nfunction toggleTooltip(el) {\n  document.querySelectorAll('.click-tooltip').forEach(function(item) {\n    if (item !== el) {\n      item.classList.remove('active');\n    }\n  });\n  el.classList.toggle('active');\n}\n\ndocument.addEventListener('click', function(event) {\n  if (!event.target.closest('.click-tooltip')) {\n    document.querySelectorAll('.click-tooltip').forEach(function(item) {\n      item.classList.remove('active');\n    });\n  }\n});\n\n\/\/ --- BLOQUE NUEVO ---\n\/\/ Desactiva clic derecho solo en im\u00e1genes\ndocument.querySelectorAll('img').forEach(img => {\n  img.addEventListener('contextmenu', e => e.preventDefault());\n});\n<\/script>\t\t\t\t<\/div>\n\t\t\t\t<\/div>\n\t\t\t\t\t<\/div>\n\t\t\t\t<\/div>\n\t\t<div class=\"elementor-element elementor-element-4b25b7c e-flex e-con-boxed e-con e-parent\" data-id=\"4b25b7c\" data-element_type=\"container\">\n\t\t\t\t\t<div class=\"e-con-inner\">\n\t\t\t\t<div class=\"elementor-element elementor-element-4896937 elementor-mobile-align-center elementor-invisible elementor-widget elementor-widget-button\" data-id=\"4896937\" data-element_type=\"widget\" data-settings=\"{&quot;_animation&quot;:&quot;fadeInDown&quot;}\" data-widget_type=\"button.default\">\n\t\t\t\t<div class=\"elementor-widget-container\">\n\t\t\t\t\t\t\t\t\t<div class=\"elementor-button-wrapper\">\n\t\t\t\t\t<a class=\"elementor-button elementor-button-link elementor-size-sm\" href=\"https:\/\/katweb.cl\/?page_id=47\">\n\t\t\t\t\t\t<span class=\"elementor-button-content-wrapper\">\n\t\t\t\t\t\t\t\t\t<span class=\"elementor-button-text\">Siguiente Cap\u00edtulo<\/span>\n\t\t\t\t\t<\/span>\n\t\t\t\t\t<\/a>\n\t\t\t\t<\/div>\n\t\t\t\t\t\t\t\t<\/div>\n\t\t\t\t<\/div>\n\t\t\t\t<div class=\"elementor-element elementor-element-5ba2052 elementor-mobile-align-center elementor-invisible elementor-widget elementor-widget-button\" data-id=\"5ba2052\" data-element_type=\"widget\" data-settings=\"{&quot;_animation&quot;:&quot;fadeInDown&quot;}\" data-widget_type=\"button.default\">\n\t\t\t\t<div class=\"elementor-widget-container\">\n\t\t\t\t\t\t\t\t\t<div class=\"elementor-button-wrapper\">\n\t\t\t\t\t<a class=\"elementor-button elementor-button-link elementor-size-sm\" href=\"https:\/\/katweb.cl\/?page_id=88\">\n\t\t\t\t\t\t<span class=\"elementor-button-content-wrapper\">\n\t\t\t\t\t\t\t\t\t<span class=\"elementor-button-text\">Cap\u00edtulo Anterior<\/span>\n\t\t\t\t\t<\/span>\n\t\t\t\t\t<\/a>\n\t\t\t\t<\/div>\n\t\t\t\t\t\t\t\t<\/div>\n\t\t\t\t<\/div>\n\t\t\t\t\t<\/div>\n\t\t\t\t<\/div>\n\t\t<div class=\"elementor-element elementor-element-9e97f62 e-flex e-con-boxed e-con e-parent\" data-id=\"9e97f62\" data-element_type=\"container\">\n\t\t\t\t\t<div class=\"e-con-inner\">\n\t\t\t\t<div class=\"elementor-element elementor-element-2df1bd7 elementor-widget elementor-widget-html\" data-id=\"2df1bd7\" data-element_type=\"widget\" data-widget_type=\"html.default\">\n\t\t\t\t<div class=\"elementor-widget-container\">\n\t\t\t\t\t<script>\n\/\/ Desactiva clic derecho en todas las im\u00e1genes y gifs\ndocument.addEventListener('DOMContentLoaded', () => {\n  document.querySelectorAll('img').forEach(img => {\n    img.addEventListener('contextmenu', e => e.preventDefault());\n  });\n});\n\n\/\/ Bloquea arrastrar im\u00e1genes\ndocument.addEventListener('dragstart', (e) => {\n  if (e.target.tagName === 'IMG') {\n    e.preventDefault();\n  }\n});\n<\/script>\n\n<style>\nimg {\n  -webkit-user-drag: none;\n  user-drag: none;\n}\n<\/style>\t\t\t\t<\/div>\n\t\t\t\t<\/div>\n\t\t\t\t\t<\/div>\n\t\t\t\t<\/div>\n\t\t<div class=\"elementor-element elementor-element-da30de3 e-flex e-con-boxed e-con e-parent\" data-id=\"da30de3\" data-element_type=\"container\">\n\t\t\t\t\t<div class=\"e-con-inner\">\n\t\t\t\t\t<\/div>\n\t\t\t\t<\/div>\n\t\t\t\t<\/div>\n\t\t","protected":false},"excerpt":{"rendered":"<p>Tu navegador no soporta la reproducci\u00f3n de audio. \u25ba \u00a1Vamos a explorar juntos! Un Ni\u00f1o Desobediente Los rescoldosBrasa menuda resguardada por la ceniza. de la fogata a\u00fan crepitanProducir sonidos repetidos, r\u00e1pidos y secos, como el de la sal en el fuego. a la intemperie de la fr\u00eda noche andina. Rodeando las llamaradasLlama que se levanta&hellip;&nbsp;<a href=\"https:\/\/katweb.cl\/?page_id=86\" rel=\"bookmark\"><span class=\"screen-reader-text\">Leyenda 2<\/span><\/a><\/p>\n","protected":false},"author":1,"featured_media":0,"parent":0,"menu_order":0,"comment_status":"closed","ping_status":"closed","template":"","meta":{"neve_meta_sidebar":"","neve_meta_container":"","neve_meta_enable_content_width":"","neve_meta_content_width":0,"neve_meta_title_alignment":"","neve_meta_author_avatar":"","neve_post_elements_order":"","neve_meta_disable_header":"","neve_meta_disable_footer":"","neve_meta_disable_title":"on","footnotes":""},"class_list":["post-86","page","type-page","status-publish","hentry"],"_links":{"self":[{"href":"https:\/\/katweb.cl\/index.php?rest_route=\/wp\/v2\/pages\/86","targetHints":{"allow":["GET"]}}],"collection":[{"href":"https:\/\/katweb.cl\/index.php?rest_route=\/wp\/v2\/pages"}],"about":[{"href":"https:\/\/katweb.cl\/index.php?rest_route=\/wp\/v2\/types\/page"}],"author":[{"embeddable":true,"href":"https:\/\/katweb.cl\/index.php?rest_route=\/wp\/v2\/users\/1"}],"replies":[{"embeddable":true,"href":"https:\/\/katweb.cl\/index.php?rest_route=%2Fwp%2Fv2%2Fcomments&post=86"}],"version-history":[{"count":210,"href":"https:\/\/katweb.cl\/index.php?rest_route=\/wp\/v2\/pages\/86\/revisions"}],"predecessor-version":[{"id":2835,"href":"https:\/\/katweb.cl\/index.php?rest_route=\/wp\/v2\/pages\/86\/revisions\/2835"}],"wp:attachment":[{"href":"https:\/\/katweb.cl\/index.php?rest_route=%2Fwp%2Fv2%2Fmedia&parent=86"}],"curies":[{"name":"wp","href":"https:\/\/api.w.org\/{rel}","templated":true}]}}