{"id":88,"date":"2025-06-01T06:32:11","date_gmt":"2025-06-01T06:32:11","guid":{"rendered":"https:\/\/katweb.cl\/?page_id=88"},"modified":"2025-11-21T12:24:41","modified_gmt":"2025-11-21T12:24:41","slug":"discografia","status":"publish","type":"page","link":"https:\/\/katweb.cl\/?page_id=88","title":{"rendered":"Leyenda 1"},"content":{"rendered":"\t\t<div data-elementor-type=\"wp-page\" data-elementor-id=\"88\" class=\"elementor elementor-88\">\n\t\t\t\t<div class=\"elementor-element elementor-element-4bf665e e-flex e-con-boxed e-con e-parent\" data-id=\"4bf665e\" data-element_type=\"container\">\n\t\t\t\t\t<div class=\"e-con-inner\">\n\t\t\t\t<div class=\"elementor-element elementor-element-390c7a5 elementor-widget elementor-widget-html\" data-id=\"390c7a5\" data-element_type=\"widget\" data-widget_type=\"html.default\">\n\t\t\t\t<div class=\"elementor-widget-container\">\n\t\t\t\t\t<figure class=\"wp-block-audio\" style=\"position: fixed; top: 5%; right: 5%; z-index: 9999; background-color: ##f8d7b0; padding: 10px; border-radius: 8px; width: auto; max-width: 400px; box-shadow: 0 4px 10px rgba(0, 0, 0, 0.2);\">\n  <audio id=\"musica\" loop>\n    <source src=\"https:\/\/katweb.cl\/wp-content\/uploads\/2025\/07\/leyenda-1.mp3\">\n    Tu navegador no soporta la reproducci\u00f3n de audio.\n  <\/audio>\n\n  <!-- Bot\u00f3n de control de m\u00fasica -->\n  <button id=\"toggleMusica\" style=\"\n    background: none;\n    border: 2px solid #8B8637;\n    border-radius: 5px;\n    padding: 8px 16px;\n    font-size: 20px;\n    cursor: pointer;\n    color: #8B8637;\n    transition: background-color 0.3s ease, border-color 0.3s ease, color 0.3s ease;\n    display: block;\n    margin-top: 10px;\n  \">\n    \u25ba\n  <\/button>\n\n  <style>\n    #toggleMusica:hover {\n      background-color: #f8d7b0;\n      color: #333;\n      border-color: #333;\n    }\n\n    .wp-block-audio audio {\n      width: 100%;\n      max-width: 100%;\n      border-radius: 5px;\n      box-shadow: 0 4px 10px rgba(0, 0, 0, 0.2);\n      margin: 10px 0;\n    }\n  <\/style>\n<\/figure>\n\n<script>\n  document.addEventListener('DOMContentLoaded', () => {\n    const musica = document.getElementById('musica');\n    const boton = document.getElementById('toggleMusica');\n\n    musica.volume = 0.2;\n\n    musica.play().then(() => {\n      boton.textContent = '\u275a\u275a';\n    }).catch(() => {\n      boton.textContent = '\u25ba';\n    });\n\n    boton.addEventListener('click', () => {\n      if (musica.paused) {\n        musica.play();\n        boton.textContent = '\u275a\u275a'; \/\/ S\u00edmbolo de pausa estilizable\n      } else {\n        musica.pause();\n        boton.textContent = '\u25ba'; \/\/ S\u00edmbolo de play estilizable\n      }\n    });\n  });\n<\/script>\t\t\t\t<\/div>\n\t\t\t\t<\/div>\n\t\t\t\t\t<\/div>\n\t\t\t\t<\/div>\n\t\t<div class=\"elementor-element elementor-element-cc0c05e e-flex e-con-boxed e-con e-parent\" data-id=\"cc0c05e\" data-element_type=\"container\">\n\t\t\t\t\t<div class=\"e-con-inner\">\n\t\t\t\t<div class=\"elementor-element elementor-element-undefined-bee6efa animated-slow elementor-invisible elementor-widget elementor-widget-heading\" data-id=\"undefined-bee6efa\" data-element_type=\"widget\" data-settings=\"{&quot;_animation_mobile&quot;:&quot;fadeIn&quot;,&quot;_animation&quot;:&quot;fadeIn&quot;}\" data-widget_type=\"heading.default\">\n\t\t\t\t<div class=\"elementor-widget-container\">\n\t\t\t\t\t<h5 class=\"elementor-heading-title elementor-size-default\">\u00a1Vamos a explorar juntos!<\/h5>\t\t\t\t<\/div>\n\t\t\t\t<\/div>\n\t\t\t\t<div class=\"elementor-element elementor-element-undefined-33a65f3 animated-slow elementor-invisible elementor-widget elementor-widget-heading\" data-id=\"undefined-33a65f3\" data-element_type=\"widget\" data-settings=\"{&quot;_animation_mobile&quot;:&quot;fadeIn&quot;,&quot;_animation&quot;:&quot;rubberBand&quot;}\" data-widget_type=\"heading.default\">\n\t\t\t\t<div class=\"elementor-widget-container\">\n\t\t\t\t\t<h2 class=\"elementor-heading-title elementor-size-default\">El Arriero y el  Misterio de la Sombra<\/h2>\t\t\t\t<\/div>\n\t\t\t\t<\/div>\n\t\t\t\t<div class=\"elementor-element elementor-element-a4a2eae animated-slow elementor-widget-divider--view-line elementor-invisible elementor-widget elementor-widget-divider\" data-id=\"a4a2eae\" data-element_type=\"widget\" data-settings=\"{&quot;_animation&quot;:&quot;fadeIn&quot;}\" data-widget_type=\"divider.default\">\n\t\t\t\t<div class=\"elementor-widget-container\">\n\t\t\t\t\t\t\t<div class=\"elementor-divider\">\n\t\t\t<span class=\"elementor-divider-separator\">\n\t\t\t\t\t\t<\/span>\n\t\t<\/div>\n\t\t\t\t\t\t<\/div>\n\t\t\t\t<\/div>\n\t\t\t\t<div class=\"elementor-element elementor-element-8d5380a elementor-invisible elementor-widget elementor-widget-image\" data-id=\"8d5380a\" data-element_type=\"widget\" data-settings=\"{&quot;_animation_mobile&quot;:&quot;fadeIn&quot;,&quot;_animation&quot;:&quot;fadeIn&quot;}\" data-widget_type=\"image.default\">\n\t\t\t\t<div class=\"elementor-widget-container\">\n\t\t\t\t\t\t\t\t\t\t\t\t\t\t\t<img fetchpriority=\"high\" decoding=\"async\" width=\"728\" height=\"1024\" src=\"https:\/\/katweb.cl\/wp-content\/uploads\/2025\/11\/portada-1_2_rediseno-728x1024.png\" class=\"attachment-large size-large wp-image-2821\" alt=\"\" srcset=\"https:\/\/katweb.cl\/wp-content\/uploads\/2025\/11\/portada-1_2_rediseno-728x1024.png 728w, https:\/\/katweb.cl\/wp-content\/uploads\/2025\/11\/portada-1_2_rediseno-213x300.png 213w, https:\/\/katweb.cl\/wp-content\/uploads\/2025\/11\/portada-1_2_rediseno-768x1081.png 768w, https:\/\/katweb.cl\/wp-content\/uploads\/2025\/11\/portada-1_2_rediseno.png 1080w\" sizes=\"(max-width: 728px) 100vw, 728px\" \/>\t\t\t\t\t\t\t\t\t\t\t\t\t\t\t<\/div>\n\t\t\t\t<\/div>\n\t\t\t\t\t<\/div>\n\t\t\t\t<\/div>\n\t\t<div class=\"elementor-element elementor-element-b21b348 e-flex e-con-boxed elementor-invisible e-con e-parent\" data-id=\"b21b348\" data-element_type=\"container\" data-settings=\"{&quot;animation&quot;:&quot;fadeIn&quot;}\">\n\t\t\t\t\t<div class=\"e-con-inner\">\n\t\t\t\t<div class=\"elementor-element elementor-element-2367525 elementor-widget elementor-widget-audio\" data-id=\"2367525\" data-element_type=\"widget\" data-settings=\"{&quot;_animation_mobile&quot;:&quot;fadeIn&quot;}\" data-widget_type=\"audio.default\">\n\t\t\t\t<div class=\"elementor-widget-container\">\n\t\t\t\t\t\t\t\t<div class=\"elementor-soundcloud-wrapper\">\n\t\t\t\t<iframe width=\"1200\" height=\"200\" frameborder=\"no\" src=\"https:\/\/w.soundcloud.com\/player\/?visual=false&#038;url=https%3A%2F%2Fapi.soundcloud.com%2Ftracks%2F2119610178&#038;show_artwork=true&#038;maxheight=1000&#038;maxwidth=1200&#038;auto_play=false&#038;buying=true&#038;liking=true&#038;download=true&#038;sharing=true&#038;show_comments=true&#038;show_playcount=true&#038;show_user=true&#038;color\"><\/iframe>\t\t\t<\/div>\n\t\t\t\t\t\t\t<\/div>\n\t\t\t\t<\/div>\n\t\t\t\t\t<\/div>\n\t\t\t\t<\/div>\n\t\t<div class=\"elementor-element elementor-element-e6f3c0b e-flex e-con-boxed e-con e-parent\" data-id=\"e6f3c0b\" data-element_type=\"container\">\n\t\t\t\t\t<div class=\"e-con-inner\">\n\t\t\t\t<div class=\"elementor-element elementor-element-0f11425 elementor-widget elementor-widget-html\" data-id=\"0f11425\" data-element_type=\"widget\" data-widget_type=\"html.default\">\n\t\t\t\t<div class=\"elementor-widget-container\">\n\t\t\t\t\t<!-- Google Fonts: Inter -->\n<link href=\"https:\/\/fonts.googleapis.com\/css2?family=Inter&display=swap\" rel=\"stylesheet\">\n\n<div style=\"font-family: 'Inter', sans-serif; color: #7A7A7A; font-size: 16px; line-height: 1.6;\">\n  <p class=\"dropcap\">\n    El golpetear del paso de las mulas rebota entre las piedras de la pampa, elevando un sonido que se multiplica con el eco de los cerros. Como tel\u00f3n de fondo, el viento murmura suave y apacible, casi acariciando, acompa\u00f1ando con su m\u00fasica esa fr\u00eda tarde de oto\u00f1o.\n  <p>\n    A primeras horas del d\u00eda, Sa\u00fal hab\u00eda guardado los \u00faltimos cargamentos que llevar\u00eda para el viaje. Las mulas y los burros estaban listos para emprender una nueva traves\u00eda por esos parajes inertes y secos. La ruta ya estaba establecida, tantas veces transitada, que conoc\u00eda como la palma de su mano.\n  <\/p>\n  \n<p style=\"text-align: center;\">\n  <img decoding=\"async\" src=\"https:\/\/katweb.cl\/wp-content\/uploads\/2025\/11\/L1_2_1.png\" \n       style=\"width: 100%; max-width: 600px; margin: 20px auto; border-radius: 12px; box-shadow: 0 2px 8px rgba(0,0,0,0.2); display: block;\">\n<\/p>\n\n  <p>\n    No hab\u00eda quebrada que para \u00e9l fuese novedad, conoc\u00eda los senderos peligrosos, los cerros empinados, los lugares para pastar y tambi\u00e9n, por supuesto, los atajos.\n  <\/p>\n  <p>\n    Conoc\u00eda el desierto de noche, como pocos, como solo los hombres valientes de la precordillera lo han recorrido por generaciones y generaciones.\n  <\/p>\n  <p>\n    Llevaba semillas de alfalfa, frutas como membrillos, duraznos y uva, y una gran cantidad de <span class=\"click-tooltip\" onclick=\"toggleTooltip(this)\">pintatani<span class=\"tooltiptext\">Vino artesanal t\u00edpico del poblado de Codpa. En lengua aymara significa \u00abl\u00edmite\u00bb.<\/span><\/span> para intercambiar en la ciudad. Hab\u00eda sido una temporada provechosa y los productos que llevaba le permitir\u00edan obtener la mercader\u00eda necesaria para los siguientes meses. Sa\u00fal ten\u00eda confianza, auguraba una buena cosecha para traer de vuelta a su hogar.\n  <\/p>\n  <p>\n    La noche cay\u00f3 de golpe. El fr\u00edo se hizo intenso y las bajas temperaturas lo obligaron a descansar antes de lo previsto. Acomod\u00f3 los animales y se propuso a resguardarse del viento. De vez en cuando, una copita de pintatani para abrigar el cuerpo era lo justo y necesario para seguir adelante. No ten\u00eda miedo, sab\u00eda que la soledad del desierto puede llegar a ser una mala compa\u00f1era, pero la experiencia lo manten\u00eda firme. Estaba cerca de Chaqui, con vegetaci\u00f3n a la mano y una buena fogata, no tendr\u00eda nada que temer.\n  <\/p>\n  \n  <p style=\"text-align: center;\">\n  <img decoding=\"async\" src=\"https:\/\/katweb.cl\/wp-content\/uploads\/2025\/11\/L1_2_2.png\" \n       style=\"width: 100%; max-width: 600px; margin: 20px auto; border-radius: 12px; box-shadow: 0 2px 8px rgba(0,0,0,0.2); display: block;\">\n<\/p>\n  \n  <p>\n    Pero esa noche fue distinta. Algo inusual sucedi\u00f3 y Sa\u00fal se vio obligado a partir r\u00e1pidamente. Una sombra extra\u00f1a merodeaba el lugar. Se cruz\u00f3 por la fogata, asust\u00f3 a las mulas y provoc\u00f3 un desprendimiento de piedras que lo hizo despertar sobresaltado. Imagin\u00f3 un ladr\u00f3n que rondaba por ah\u00ed, ya le hab\u00eda tocado enfrentar una situaci\u00f3n similar. Es com\u00fan que en ocasiones aparezcan sujetos con la intenci\u00f3n de robarles sus enseres. Hombres de la ciudad, que sab\u00edan de antemano la ruta de los arrieros y buscaban la ocasi\u00f3n precisa para el ataque.\n  <\/p>\n  \n<p style=\"text-align: center;\">\n  <img decoding=\"async\" src=\"https:\/\/katweb.cl\/wp-content\/uploads\/2025\/07\/animacion1.gif\" \n       style=\"width: 100%; max-width: 600px; margin: 20px auto; border-radius: 12px; box-shadow: 0 2px 8px rgba(0,0,0,0.2); display: block;\">\n<\/p>\n\n  <p>\n    Sac\u00f3 el rifle y apunt\u00f3. La sombra segu\u00eda movi\u00e9ndose bruscamente entre las paredes de los cerros y los arbustos del lugar. Dispar\u00f3 unas veces, pero fue en vano. La sombra era muy r\u00e1pida y no se manten\u00eda en la misma posici\u00f3n. No ten\u00eda forma humana y eso despert\u00f3 a\u00fan m\u00e1s su curiosidad. Observ\u00f3 detenidamente y, en ese momento, comprendi\u00f3 que no valdr\u00eda la pena seguir disparando.\n  <\/p>\n  \n<p style=\"text-align: center;\">\n  <img decoding=\"async\" src=\"https:\/\/katweb.cl\/wp-content\/uploads\/2025\/11\/L1_2_4.png\" \n       style=\"width: 100%; max-width: 600px; margin: 20px auto; border-radius: 12px; box-shadow: 0 2px 8px rgba(0,0,0,0.2); display: block;\">\n<\/p>\n\n  <p>\n    Acto seguido, arrim\u00f3 los animales, acomod\u00f3 nuevamente las alforjas y emprendi\u00f3 el viaje a mitad de la noche. La luna llena, expectante, alumbraba el desierto l\u00fagubre y misterioso. Ayudaba un poco a mantener la calma. Permit\u00eda, con su luz p\u00e1lida y blanquecina, amenizar el ambiente un tanto confuso algunos minutos atr\u00e1s. Ya con el alba anunciando su llegada, Sa\u00fal record\u00f3 con m\u00e1s precisi\u00f3n lo vivido la noche anterior. Ten\u00eda la sensaci\u00f3n de una terrible pesadilla, im\u00e1genes se le mezclaban en la cabeza, confundiendo la realidad con lo so\u00f1ado y nunca pudo resolver esa inquietante duda. Ahora solo quedaba ocuparse del resto del camino, llegar a Arica y concluir con \u00e9xito el <span class=\"click-tooltip\" onclick=\"toggleTooltip(this)\">cambalache<span class=\"tooltiptext\">Intercambio o trueque de cosas de poco valor, a menudo de manera desordenada o poco transparente.<\/span><\/span>. De regreso tomar\u00eda las precauciones necesarias.\n  <\/p>\n  \n<p style=\"text-align: center;\">\n  <img decoding=\"async\" src=\"https:\/\/katweb.cl\/wp-content\/uploads\/2025\/11\/L1_2_6.png\" \n       style=\"width: 100%; max-width: 600px; margin: 20px auto; border-radius: 12px; box-shadow: 0 2px 8px rgba(0,0,0,0.2); display: block;\">\n<\/p>\n\n  <p>\n    La sombra seguir\u00e1 all\u00ed, inquieta, esper\u00e1ndolo.\n  <\/p>\n  \n<p style=\"text-align: center;\">\n  <img decoding=\"async\" src=\"https:\/\/katweb.cl\/wp-content\/uploads\/2025\/07\/Animacion2.gif\" \n       style=\"width: 100%; max-width: 600px; margin: 20px auto; border-radius: 12px; box-shadow: 0 2px 8px rgba(0,0,0,0.2); display: block;\">\n<\/p>\n  \n<\/div>\n\n<style>\n\n.dropcap::first-letter {\n  float: left;\n  font-size: 3.8em;\n  line-height: 1;\n  font-weight: bold;\n  margin-right: 10px;\n  color: #1E3335;\n  font-family: 'Inter', sans-serif;\n}\n\n.click-tooltip {\n  position: relative;\n  cursor: pointer;\n  color: #8b8637;\n  font-weight: bold;\n}\n\n.tooltiptext {\n  display: none;\n  position: absolute;\n  background-color: #ffffff;\n  color: #1E3335;\n  padding: 10px;\n  border-radius: 8px;\n  box-shadow: 0px 2px 6px rgba(0, 0, 0, 0.2);\n  z-index: 1000;\n  font-size: 14px;\n  width: 220px;\n  top: 120%;\n  left: 100%;\n  transform: translateX(-50%);\n}\n\n.click-tooltip.active .tooltiptext {\n  display: block;\n}\n<\/style>\n\n<script>\nfunction toggleTooltip(el) {\n  document.querySelectorAll('.click-tooltip').forEach(function(item) {\n    if (item !== el) {\n      item.classList.remove('active');\n    }\n  });\n  el.classList.toggle('active');\n}\n\ndocument.addEventListener('click', function(event) {\n  if (!event.target.closest('.click-tooltip')) {\n    document.querySelectorAll('.click-tooltip').forEach(function(item) {\n      item.classList.remove('active');\n    });\n  }\n});\n\n\/\/ --- BLOQUE NUEVO ---\n\/\/ Desactiva clic derecho solo en im\u00e1genes\ndocument.querySelectorAll('img').forEach(img => {\n  img.addEventListener('contextmenu', e => e.preventDefault());\n});\n<\/script>\t\t\t\t<\/div>\n\t\t\t\t<\/div>\n\t\t\t\t\t<\/div>\n\t\t\t\t<\/div>\n\t\t<div class=\"elementor-element elementor-element-7682873 e-flex e-con-boxed e-con e-parent\" data-id=\"7682873\" data-element_type=\"container\" data-settings=\"{&quot;background_background&quot;:&quot;classic&quot;}\">\n\t\t\t\t\t<div class=\"e-con-inner\">\n\t\t\t\t<div class=\"elementor-element elementor-element-9504753 elementor-mobile-align-center elementor-invisible elementor-widget elementor-widget-button\" data-id=\"9504753\" data-element_type=\"widget\" data-settings=\"{&quot;_animation&quot;:&quot;fadeInDown&quot;}\" data-widget_type=\"button.default\">\n\t\t\t\t<div class=\"elementor-widget-container\">\n\t\t\t\t\t\t\t\t\t<div class=\"elementor-button-wrapper\">\n\t\t\t\t\t<a class=\"elementor-button elementor-button-link elementor-size-sm\" href=\"https:\/\/katweb.cl\/?page_id=86\">\n\t\t\t\t\t\t<span class=\"elementor-button-content-wrapper\">\n\t\t\t\t\t\t\t\t\t<span class=\"elementor-button-text\">Siguiente cap\u00edtulo<\/span>\n\t\t\t\t\t<\/span>\n\t\t\t\t\t<\/a>\n\t\t\t\t<\/div>\n\t\t\t\t\t\t\t\t<\/div>\n\t\t\t\t<\/div>\n\t\t\t\t<div class=\"elementor-element elementor-element-ef31754 elementor-mobile-align-center elementor-invisible elementor-widget elementor-widget-button\" data-id=\"ef31754\" data-element_type=\"widget\" data-settings=\"{&quot;_animation&quot;:&quot;fadeInDown&quot;}\" data-widget_type=\"button.default\">\n\t\t\t\t<div class=\"elementor-widget-container\">\n\t\t\t\t\t\t\t\t\t<div class=\"elementor-button-wrapper\">\n\t\t\t\t\t<a class=\"elementor-button elementor-button-link elementor-size-sm\" href=\"https:\/\/katweb.cl\/\">\n\t\t\t\t\t\t<span class=\"elementor-button-content-wrapper\">\n\t\t\t\t\t\t\t\t\t<span class=\"elementor-button-text\">Volver al Inicio<\/span>\n\t\t\t\t\t<\/span>\n\t\t\t\t\t<\/a>\n\t\t\t\t<\/div>\n\t\t\t\t\t\t\t\t<\/div>\n\t\t\t\t<\/div>\n\t\t\t\t\t<\/div>\n\t\t\t\t<\/div>\n\t\t<div class=\"elementor-element elementor-element-5537dc7 e-flex e-con-boxed e-con e-parent\" data-id=\"5537dc7\" data-element_type=\"container\">\n\t\t\t\t\t<div class=\"e-con-inner\">\n\t\t\t\t<div class=\"elementor-element elementor-element-30e2628 elementor-widget elementor-widget-html\" data-id=\"30e2628\" data-element_type=\"widget\" data-widget_type=\"html.default\">\n\t\t\t\t<div class=\"elementor-widget-container\">\n\t\t\t\t\t<script>\n\/\/ Desactiva clic derecho en todas las im\u00e1genes y gifs\ndocument.addEventListener('DOMContentLoaded', () => {\n  document.querySelectorAll('img').forEach(img => {\n    img.addEventListener('contextmenu', e => e.preventDefault());\n  });\n});\n\n\/\/ Bloquea arrastrar im\u00e1genes\ndocument.addEventListener('dragstart', (e) => {\n  if (e.target.tagName === 'IMG') {\n    e.preventDefault();\n  }\n});\n<\/script>\n\n<style>\nimg {\n  -webkit-user-drag: none;\n  user-drag: none;\n}\n<\/style>\t\t\t\t<\/div>\n\t\t\t\t<\/div>\n\t\t\t\t\t<\/div>\n\t\t\t\t<\/div>\n\t\t<div class=\"elementor-element elementor-element-7bdc7ba e-flex e-con-boxed e-con e-parent\" data-id=\"7bdc7ba\" data-element_type=\"container\">\n\t\t\t\t\t<div class=\"e-con-inner\">\n\t\t\t\t\t<\/div>\n\t\t\t\t<\/div>\n\t\t\t\t<\/div>\n\t\t","protected":false},"excerpt":{"rendered":"<p>Tu navegador no soporta la reproducci\u00f3n de audio. \u25ba \u00a1Vamos a explorar juntos! El Arriero y el Misterio de la Sombra El golpetear del paso de las mulas rebota entre las piedras de la pampa, elevando un sonido que se multiplica con el eco de los cerros. Como tel\u00f3n de fondo, el viento murmura suave&hellip;&nbsp;<a href=\"https:\/\/katweb.cl\/?page_id=88\" rel=\"bookmark\"><span class=\"screen-reader-text\">Leyenda 1<\/span><\/a><\/p>\n","protected":false},"author":1,"featured_media":0,"parent":0,"menu_order":0,"comment_status":"closed","ping_status":"closed","template":"","meta":{"neve_meta_sidebar":"","neve_meta_container":"","neve_meta_enable_content_width":"","neve_meta_content_width":0,"neve_meta_title_alignment":"","neve_meta_author_avatar":"","neve_post_elements_order":"","neve_meta_disable_header":"","neve_meta_disable_footer":"","neve_meta_disable_title":"on","footnotes":""},"class_list":["post-88","page","type-page","status-publish","hentry"],"_links":{"self":[{"href":"https:\/\/katweb.cl\/index.php?rest_route=\/wp\/v2\/pages\/88","targetHints":{"allow":["GET"]}}],"collection":[{"href":"https:\/\/katweb.cl\/index.php?rest_route=\/wp\/v2\/pages"}],"about":[{"href":"https:\/\/katweb.cl\/index.php?rest_route=\/wp\/v2\/types\/page"}],"author":[{"embeddable":true,"href":"https:\/\/katweb.cl\/index.php?rest_route=\/wp\/v2\/users\/1"}],"replies":[{"embeddable":true,"href":"https:\/\/katweb.cl\/index.php?rest_route=%2Fwp%2Fv2%2Fcomments&post=88"}],"version-history":[{"count":229,"href":"https:\/\/katweb.cl\/index.php?rest_route=\/wp\/v2\/pages\/88\/revisions"}],"predecessor-version":[{"id":2832,"href":"https:\/\/katweb.cl\/index.php?rest_route=\/wp\/v2\/pages\/88\/revisions\/2832"}],"wp:attachment":[{"href":"https:\/\/katweb.cl\/index.php?rest_route=%2Fwp%2Fv2%2Fmedia&parent=88"}],"curies":[{"name":"wp","href":"https:\/\/api.w.org\/{rel}","templated":true}]}}